{"id":6481,"date":"2023-04-13T12:03:47","date_gmt":"2023-04-13T11:03:47","guid":{"rendered":"http:\/\/test.vatterleden.se\/?page_id=6481"},"modified":"2023-04-13T14:49:08","modified_gmt":"2023-04-13T13:49:08","slug":"joenkoeping-graenna","status":"publish","type":"page","link":"https:\/\/vatterleden.se\/de\/joenkoeping-graenna\/","title":{"rendered":"J\u00f6nk\u00f6ping &#038; Gr\u00e4nna"},"content":{"rendered":"\n\n\t<section class=\"section sectioncolored dark\" id=\"section_1505541707\">\n\t\t<div class=\"section-bg fill\" >\n\t\t\t\t\t\t\t\t\t\n\t\t\t\n\n\t\t<\/div>\n\n\t\t\n\n\t\t<div class=\"section-content relative\">\n\t\t\t\n\n\t<div id=\"gap-308432187\" class=\"gap-element clearfix\" style=\"display:block; height:auto;\">\n\t\t\n<style>\n#gap-308432187 {\n  padding-top: 110px;\n}\n@media (min-width:550px) {\n  #gap-308432187 {\n    padding-top: 150px;\n  }\n}\n<\/style>\n\t<\/div>\n\t\n\n<div class=\"row\"  id=\"row-2028972423\">\n\n\n\t<div id=\"col-1178520885\" class=\"col small-12 large-12\"  >\n\t\t\t\t<div class=\"col-inner\"  >\n\t\t\t\n\t\t\t\n\n<h1>J\u00f6nk\u00f6ping &amp; Gr\u00e4nna<\/h1>\n\n\t\t<\/div>\n\t\t\t\t\n<style>\n#col-1178520885 > .col-inner {\n  margin: 0px 0px -20px 0px;\n}\n@media (min-width:550px) {\n  #col-1178520885 > .col-inner {\n    margin: 0px 0px -20px 0px;\n  }\n}\n@media (min-width:850px) {\n  #col-1178520885 > .col-inner {\n    margin: 0px 0px -20px 0px;\n  }\n}\n<\/style>\n\t<\/div>\n\n\t\n\n\t<div id=\"col-399563801\" class=\"col medium-6 small-12 large-6\"  >\n\t\t\t\t<div class=\"col-inner\"  >\n\t\t\t\n\t\t\t\n\n<p>An der S\u00fcdspitze des V\u00e4tterns liegen J\u00f6nk\u00f6ping und Huskvarna, zwei St\u00e4dte, die zusammengewachsen sind. Die einzigartige Strandpromenade V\u00e4tterstranden direkt am sauberen und klaren Wasser des V\u00e4tterns macht J\u00f6nk\u00f6ping zu einem sehenswerten Juwel. Und Seen gibt es reichlich: Durch den Rocksj\u00f6n und den Munksj\u00f6n entsteht \u00fcberall in J\u00f6nk\u00f6ping eine N\u00e4he zum Wasser. Hier finden Sie auch eine vielf\u00e4ltige Restaurantszene mit Speisen, die aus allen Teilen der Welt stammen.<\/p>\n\n\t\t<\/div>\n\t\t\t\t\n<style>\n#col-399563801 > .col-inner {\n  margin: 0px 0px -20px 0px;\n}\n@media (min-width:550px) {\n  #col-399563801 > .col-inner {\n    margin: 0px 0px 0px 0px;\n  }\n}\n@media (min-width:850px) {\n  #col-399563801 > .col-inner {\n    margin: 0px 0px 0 0px;\n  }\n}\n<\/style>\n\t<\/div>\n\n\t\n\n\t<div id=\"col-1178109762\" class=\"col medium-6 small-12 large-6\"  >\n\t\t\t\t<div class=\"col-inner\"  >\n\t\t\t\n\t\t\t\n\n<p>Gr\u00e4nna ist eine historische Idylle, wundersch\u00f6n gelegen am Rande des V\u00e4tterns. Die malerische Gemeinde mit ihren gepflasterten Stra\u00dfen und alten Holzh\u00e4usern ist weltber\u00fchmt f\u00fcr ihre handgefertigten Zuckerstangen und f\u00fcr viele ein echtes Kleinod in Schweden. Besuchen Sie das Museum des Polarforschers Andr\u00e9e, gem\u00fctliche Caf\u00e9s, Gesch\u00e4fte und genie\u00dfen Sie herrliche Badem\u00f6glichkeiten. In Gr\u00e4nna finden Sie zudem die F\u00e4hre nach Visings\u00f6, eine historische Insel, die ebenfalls einen Besuch wert ist.<\/p>\n\n\t\t<\/div>\n\t\t\t\t\t<\/div>\n\n\t\n\n<\/div>\n\t<div id=\"gap-1261657871\" class=\"gap-element clearfix\" style=\"display:block; height:auto;\">\n\t\t\n<style>\n#gap-1261657871 {\n  padding-top: 30px;\n}\n<\/style>\n\t<\/div>\n\t\n\n<div class=\"row\"  id=\"row-1564293968\">\n\n\n\t<div id=\"col-818477820\" class=\"col medium-4 small-12 large-4\"  >\n\t\t\t\t<div class=\"col-inner\"  >\n\t\t\t\n\t\t\t\n\n\n  <div class=\"banner has-hover\" id=\"banner-423221177\">\n          <div class=\"banner-inner fill\">\n        <div class=\"banner-bg fill\" >\n            <img loading=\"lazy\" decoding=\"async\" width=\"960\" height=\"639\" src=\"https:\/\/vatterleden.se\/wp-content\/uploads\/2022\/12\/Vatterleden-Jonkoping-960x639.jpeg\" class=\"bg attachment-medium size-medium\" alt=\"\" \/>                                    \n                    <\/div>\n\t\t\n        <div class=\"banner-layers container\">\n            <div class=\"fill banner-link\"><\/div>            \n\n\n        <\/div>\n      <\/div>\n\n            \n<style>\n#banner-423221177 {\n  padding-top: 200px;\n}\n#banner-423221177 .banner-bg img {\n  object-position: 47% 49%;\n}\n@media (min-width:550px) {\n  #banner-423221177 {\n    padding-top: 300px;\n  }\n}\n@media (min-width:850px) {\n  #banner-423221177 {\n    padding-top: 115%;\n  }\n}\n<\/style>\n  <\/div>\n\n\n\n\t\t<\/div>\n\t\t\t\t\t<\/div>\n\n\t\n\n\t<div id=\"col-1057972778\" class=\"col medium-4 small-12 large-4\"  >\n\t\t\t\t<div class=\"col-inner\"  >\n\t\t\t\n\t\t\t\n\n\n  <div class=\"banner has-hover\" id=\"banner-1883572479\">\n          <div class=\"banner-inner fill\">\n        <div class=\"banner-bg fill\" >\n            <img loading=\"lazy\" decoding=\"async\" width=\"940\" height=\"460\" src=\"https:\/\/vatterleden.se\/wp-content\/uploads\/2022\/12\/Vatterleden-Polkagris.jpg\" class=\"bg attachment-medium size-medium\" alt=\"\" \/>                                    \n                    <\/div>\n\t\t\n        <div class=\"banner-layers container\">\n            <div class=\"fill banner-link\"><\/div>            \n\n\n        <\/div>\n      <\/div>\n\n            \n<style>\n#banner-1883572479 {\n  padding-top: 200px;\n}\n#banner-1883572479 .banner-bg img {\n  object-position: 57% 78%;\n}\n@media (min-width:550px) {\n  #banner-1883572479 {\n    padding-top: 300px;\n  }\n}\n@media (min-width:850px) {\n  #banner-1883572479 {\n    padding-top: 115%;\n  }\n}\n<\/style>\n  <\/div>\n\n\n\n\t\t<\/div>\n\t\t\t\t\t<\/div>\n\n\t\n\n\t<div id=\"col-478155672\" class=\"col medium-4 small-12 large-4\"  >\n\t\t\t\t<div class=\"col-inner\"  >\n\t\t\t\n\t\t\t\n\n\n  <div class=\"banner has-hover\" id=\"banner-256343416\">\n          <div class=\"banner-inner fill\">\n        <div class=\"banner-bg fill\" >\n            <img loading=\"lazy\" decoding=\"async\" width=\"960\" height=\"480\" src=\"https:\/\/vatterleden.se\/wp-content\/uploads\/2022\/12\/Vatterleden-Granna-960x480.jpg\" class=\"bg attachment-medium size-medium\" alt=\"\" \/>                                    \n                    <\/div>\n\t\t\n        <div class=\"banner-layers container\">\n            <div class=\"fill banner-link\"><\/div>            \n\n\n        <\/div>\n      <\/div>\n\n            \n<style>\n#banner-256343416 {\n  padding-top: 200px;\n}\n#banner-256343416 .banner-bg img {\n  object-position: 54% 72%;\n}\n@media (min-width:550px) {\n  #banner-256343416 {\n    padding-top: 300px;\n  }\n}\n@media (min-width:850px) {\n  #banner-256343416 {\n    padding-top: 115%;\n  }\n}\n<\/style>\n  <\/div>\n\n\n\n\t\t<\/div>\n\t\t\t\t\t<\/div>\n\n\t\n\n<\/div>\n\t<div id=\"gap-1777008430\" class=\"gap-element clearfix\" style=\"display:block; height:auto;\">\n\t\t\n<style>\n#gap-1777008430 {\n  padding-top: 15px;\n}\n@media (min-width:550px) {\n  #gap-1777008430 {\n    padding-top: 60px;\n  }\n}\n<\/style>\n\t<\/div>\n\t\n\n<div class=\"row iconboxrow\"  id=\"row-139518792\">\n\n\n\t<div id=\"col-215515726\" class=\"col medium-3 small-6 large-3\"  >\n\t\t\t\t<div class=\"col-inner\"  >\n\t\t\t\n\t\t\t\n\n\n\t\t<div class=\"icon-box featured-box icon-box-top text-left\"  >\n\t\t\t\t<div class=\"icon-box-text last-reset\">\n\t\t\t\t\t\t\t\t\t\n\n<h4>J\u00f6nk\u00f6ping<\/h4>\n<p>Eine Perle, die dem V\u00e4ttern seine einzigartige Lage verdankt. Besuchen Sie unbedingt den Pier und den Strand des V\u00e4ttern. <\/p>\n\n\t\t<\/div>\n\t<\/div>\n\t\n\t\n\n\t\t<\/div>\n\t\t\t\t\t<\/div>\n\n\t\n\n\t<div id=\"col-1822967161\" class=\"col medium-3 small-6 large-3\"  >\n\t\t\t\t<div class=\"col-inner\"  >\n\t\t\t\n\t\t\t\n\n\n\t\t<div class=\"icon-box featured-box icon-box-top text-left\"  >\n\t\t\t\t<div class=\"icon-box-text last-reset\">\n\t\t\t\t\t\t\t\t\t\n\n<h4>Huskvarna<\/h4>\n<p>Huskvarna war einst eine eigenst\u00e4ndige Stadt, geh\u00f6rt aber heute zu J\u00f6nk\u00f6ping. Sie finden hier das Kunstwerk J\u00e4tten Vist.<\/p>\n\n\t\t<\/div>\n\t<\/div>\n\t\n\t\n\n\t\t<\/div>\n\t\t\t\t\t<\/div>\n\n\t\n\n\t<div id=\"col-2126762123\" class=\"col medium-3 small-6 large-3\"  >\n\t\t\t\t<div class=\"col-inner\"  >\n\t\t\t\n\t\t\t\n\n\n\t\t<div class=\"icon-box featured-box icon-box-top text-left\"  >\n\t\t\t\t<div class=\"icon-box-text last-reset\">\n\t\t\t\t\t\t\t\t\t\n\n<h4>Gr\u00e4nna<\/h4>\n<p>Im Sommer sind die kopfsteingepflasterten Stra\u00dfen von Gr\u00e4nna voller Besucher. Ein echter Lieblingsplatz, wie viele meinen.<\/p>\n\n\t\t<\/div>\n\t<\/div>\n\t\n\t\n\n\t\t<\/div>\n\t\t\t\t\t<\/div>\n\n\t\n\n\t<div id=\"col-1771006474\" class=\"col medium-3 small-6 large-3\"  >\n\t\t\t\t<div class=\"col-inner\"  >\n\t\t\t\n\t\t\t\n\n\n\t\t<div class=\"icon-box featured-box icon-box-top text-left\"  >\n\t\t\t\t<div class=\"icon-box-text last-reset\">\n\t\t\t\t\t\t\t\t\t\n\n<h4>Visings\u00f6<\/h4>\n<p>Visings\u00f6 ist ein historischer Ort, an dem Sie sowohl die Schlossruine als auch die Kirche besichtigen, Pferdekutsche fahren und Alpakas besuchen k\u00f6nnen. <\/p>\n\n\t\t<\/div>\n\t<\/div>\n\t\n\t\n\n\t\t<\/div>\n\t\t\t\t\t<\/div>\n\n\t\n\n<\/div>\n\t<div id=\"gap-508567381\" class=\"gap-element clearfix\" style=\"display:block; height:auto;\">\n\t\t\n<style>\n#gap-508567381 {\n  padding-top: 31px;\n}\n@media (min-width:550px) {\n  #gap-508567381 {\n    padding-top: 45px;\n  }\n}\n<\/style>\n\t<\/div>\n\t\n\n<div class=\"row align-center\"  id=\"row-900812105\">\n\n\n\t<div id=\"col-107385469\" class=\"col medium-6 small-12 large-5\"  >\n\t\t\t\t<div class=\"col-inner text-center\"  >\n\t\t\t\n\t\t\t\n\n\t<div id=\"text-2731117229\" class=\"text boldtext\">\n\t\t\n\n<p>Als Gast bei uns im V\u00e4tterleden sind Sie in der N\u00e4he all der Orte in der Umgebung von J\u00f6nk\u00f6ping und Gr\u00e4nna, die einen Besuch wert sind.<\/p>\n\t\t\t<\/div>\n\t\n\n\t\t<\/div>\n\t\t\t\t\t<\/div>\n\n\t\n\n<\/div>\n\t<div id=\"gap-430624557\" class=\"gap-element clearfix\" style=\"display:block; height:auto;\">\n\t\t\n<style>\n#gap-430624557 {\n  padding-top: 31px;\n}\n@media (min-width:550px) {\n  #gap-430624557 {\n    padding-top: 31px;\n  }\n}\n@media (min-width:850px) {\n  #gap-430624557 {\n    padding-top: 60px;\n  }\n}\n<\/style>\n\t<\/div>\n\t\n\n\n\t\t<\/div>\n\n\t\t\n<style>\n#section_1505541707 {\n  padding-top: 0px;\n  padding-bottom: 0px;\n  background-color: #9abad5;\n}\n<\/style>\n\t<\/section>\n\t\n\n\t<section class=\"section\" id=\"section_796931048\">\n\t\t<div class=\"section-bg fill\" >\n\t\t\t\t\t\t\t\t\t\n\t\t\t\n\n\t\t<\/div>\n\n\t\t\n\n\t\t<div class=\"section-content relative\">\n\t\t\t\n\n\t<div id=\"gap-2036034289\" class=\"gap-element clearfix\" style=\"display:block; height:auto;\">\n\t\t\n<style>\n#gap-2036034289 {\n  padding-top: 70px;\n}\n@media (min-width:550px) {\n  #gap-2036034289 {\n    padding-top: 70px;\n  }\n}\n@media (min-width:850px) {\n  #gap-2036034289 {\n    padding-top: 110px;\n  }\n}\n<\/style>\n\t<\/div>\n\t\n\n<div class=\"row align-center\"  id=\"row-881728080\">\n\n\n\t<div id=\"col-703091432\" class=\"col medium-8 small-12 large-7\"  >\n\t\t\t\t<div class=\"col-inner\"  >\n\t\t\t\n\t\t\t\n\n\t<div id=\"text-1525100398\" class=\"text\">\n\t\t\n\n<h3>Anreise<\/h3>\n<p>Das V\u00e4tterleden ist einfach zu finden. Es liegt an der E4 zwischen J\u00f6nk\u00f6ping und Gr\u00e4nna. Buchen Sie gern ein Zimmer oder kommen Sie auf einen kleinen Imbiss vorbei.<\/p>\n\t\t\n<style>\n#text-1525100398 {\n  text-align: center;\n}\n@media (min-width:550px) {\n  #text-1525100398 {\n    text-align: center;\n  }\n}\n<\/style>\n\t<\/div>\n\t\n\n\t\t<\/div>\n\t\t\t\t\t<\/div>\n\n\t\n\n<\/div>\n\t<div id=\"gap-402569386\" class=\"gap-element clearfix\" style=\"display:block; height:auto;\">\n\t\t\n<style>\n#gap-402569386 {\n  padding-top: 20px;\n}\n@media (min-width:850px) {\n  #gap-402569386 {\n    padding-top: 60px;\n  }\n}\n<\/style>\n\t<\/div>\n\t\n\n\n\t\t<\/div>\n\n\t\t\n<style>\n#section_796931048 {\n  padding-top: 0px;\n  padding-bottom: 0px;\n}\n<\/style>\n\t<\/section>\n\t\n","protected":false},"excerpt":{"rendered":"","protected":false},"author":1,"featured_media":6136,"parent":0,"menu_order":0,"comment_status":"closed","ping_status":"closed","template":"page-blank.php","meta":{"_acf_changed":false,"footnotes":""},"class_list":["post-6481","page","type-page","status-publish","has-post-thumbnail","hentry"],"acf":[],"yoast_head":"<!-- This site is optimized with the Yoast SEO plugin v27.5 - https:\/\/yoast.com\/product\/yoast-seo-wordpress\/ -->\n<title>J\u00f6nk\u00f6ping &amp; Gr\u00e4nna | V\u00e4tterleden<\/title>\n<meta name=\"description\" content=\"An der S\u00fcdspitze des V\u00e4ttern liegen J\u00f6nk\u00f6ping und Huskvarna. In der N\u00e4he finden Sie auch Gr\u00e4nna - alle drei sind es wert, erlebt zu werden.\" \/>\n<meta name=\"robots\" content=\"index, follow, max-snippet:-1, max-image-preview:large, max-video-preview:-1\" \/>\n<link rel=\"canonical\" href=\"https:\/\/vatterleden.se\/jonkoping-granna\/\" \/>\n<meta property=\"og:locale\" content=\"de_DE\" \/>\n<meta property=\"og:type\" content=\"article\" \/>\n<meta property=\"og:title\" content=\"J\u00f6nk\u00f6ping &amp; Gr\u00e4nna | V\u00e4tterleden\" \/>\n<meta property=\"og:description\" content=\"An der S\u00fcdspitze des V\u00e4ttern liegen J\u00f6nk\u00f6ping und Huskvarna. In der N\u00e4he finden Sie auch Gr\u00e4nna - alle drei sind es wert, erlebt zu werden.\" \/>\n<meta property=\"og:url\" content=\"https:\/\/vatterleden.se\/jonkoping-granna\/\" \/>\n<meta property=\"og:site_name\" content=\"V\u00e4tterleden\" \/>\n<meta property=\"article:modified_time\" content=\"2023-04-13T13:49:08+00:00\" \/>\n<meta property=\"og:image\" content=\"https:\/\/vatterleden.se\/wp-content\/uploads\/2022\/12\/Vatterleden-Jonkoping.jpeg\" \/>\n\t<meta property=\"og:image:width\" content=\"1920\" \/>\n\t<meta property=\"og:image:height\" content=\"1278\" \/>\n\t<meta property=\"og:image:type\" content=\"image\/jpeg\" \/>\n<meta name=\"twitter:card\" content=\"summary_large_image\" \/>\n<meta name=\"twitter:label1\" content=\"Gesch\u00e4tzte Lesezeit\" \/>\n\t<meta name=\"twitter:data1\" content=\"3\u00a0Minuten\" \/>\n<script type=\"application\/ld+json\" class=\"yoast-schema-graph\">{\"@context\":\"https:\\\/\\\/schema.org\",\"@graph\":[{\"@type\":\"WebPage\",\"@id\":\"https:\\\/\\\/vatterleden.se\\\/jonkoping-granna\\\/\",\"url\":\"https:\\\/\\\/vatterleden.se\\\/jonkoping-granna\\\/\",\"name\":\"J\u00f6nk\u00f6ping & Gr\u00e4nna | V\u00e4tterleden\",\"isPartOf\":{\"@id\":\"https:\\\/\\\/vatterleden.se\\\/#website\"},\"primaryImageOfPage\":{\"@id\":\"https:\\\/\\\/vatterleden.se\\\/jonkoping-granna\\\/#primaryimage\"},\"image\":{\"@id\":\"https:\\\/\\\/vatterleden.se\\\/jonkoping-granna\\\/#primaryimage\"},\"thumbnailUrl\":\"https:\\\/\\\/vatterleden.se\\\/wp-content\\\/uploads\\\/2022\\\/12\\\/Vatterleden-Jonkoping.jpeg\",\"datePublished\":\"2023-04-13T11:03:47+00:00\",\"dateModified\":\"2023-04-13T13:49:08+00:00\",\"description\":\"An der S\u00fcdspitze des V\u00e4ttern liegen J\u00f6nk\u00f6ping und Huskvarna. In der N\u00e4he finden Sie auch Gr\u00e4nna - alle drei sind es wert, erlebt zu werden.\",\"breadcrumb\":{\"@id\":\"https:\\\/\\\/vatterleden.se\\\/jonkoping-granna\\\/#breadcrumb\"},\"inLanguage\":\"de\",\"potentialAction\":[{\"@type\":\"ReadAction\",\"target\":[\"https:\\\/\\\/vatterleden.se\\\/jonkoping-granna\\\/\"]}]},{\"@type\":\"ImageObject\",\"inLanguage\":\"de\",\"@id\":\"https:\\\/\\\/vatterleden.se\\\/jonkoping-granna\\\/#primaryimage\",\"url\":\"https:\\\/\\\/vatterleden.se\\\/wp-content\\\/uploads\\\/2022\\\/12\\\/Vatterleden-Jonkoping.jpeg\",\"contentUrl\":\"https:\\\/\\\/vatterleden.se\\\/wp-content\\\/uploads\\\/2022\\\/12\\\/Vatterleden-Jonkoping.jpeg\",\"width\":1920,\"height\":1278},{\"@type\":\"BreadcrumbList\",\"@id\":\"https:\\\/\\\/vatterleden.se\\\/jonkoping-granna\\\/#breadcrumb\",\"itemListElement\":[{\"@type\":\"ListItem\",\"position\":1,\"name\":\"Hem\",\"item\":\"https:\\\/\\\/vatterleden.se\\\/de\\\/\"},{\"@type\":\"ListItem\",\"position\":2,\"name\":\"J\u00f6nk\u00f6ping &#038; Gr\u00e4nna\"}]},{\"@type\":\"WebSite\",\"@id\":\"https:\\\/\\\/vatterleden.se\\\/#website\",\"url\":\"https:\\\/\\\/vatterleden.se\\\/\",\"name\":\"V\u00e4tterleden\",\"description\":\"\",\"potentialAction\":[{\"@type\":\"SearchAction\",\"target\":{\"@type\":\"EntryPoint\",\"urlTemplate\":\"https:\\\/\\\/vatterleden.se\\\/?s={search_term_string}\"},\"query-input\":{\"@type\":\"PropertyValueSpecification\",\"valueRequired\":true,\"valueName\":\"search_term_string\"}}],\"inLanguage\":\"de\"}]}<\/script>\n<!-- \/ Yoast SEO plugin. -->","yoast_head_json":{"title":"J\u00f6nk\u00f6ping & Gr\u00e4nna | V\u00e4tterleden","description":"An der S\u00fcdspitze des V\u00e4ttern liegen J\u00f6nk\u00f6ping und Huskvarna. In der N\u00e4he finden Sie auch Gr\u00e4nna - alle drei sind es wert, erlebt zu werden.","robots":{"index":"index","follow":"follow","max-snippet":"max-snippet:-1","max-image-preview":"max-image-preview:large","max-video-preview":"max-video-preview:-1"},"canonical":"https:\/\/vatterleden.se\/jonkoping-granna\/","og_locale":"de_DE","og_type":"article","og_title":"J\u00f6nk\u00f6ping & Gr\u00e4nna | V\u00e4tterleden","og_description":"An der S\u00fcdspitze des V\u00e4ttern liegen J\u00f6nk\u00f6ping und Huskvarna. In der N\u00e4he finden Sie auch Gr\u00e4nna - alle drei sind es wert, erlebt zu werden.","og_url":"https:\/\/vatterleden.se\/jonkoping-granna\/","og_site_name":"V\u00e4tterleden","article_modified_time":"2023-04-13T13:49:08+00:00","og_image":[{"width":1920,"height":1278,"url":"https:\/\/vatterleden.se\/wp-content\/uploads\/2022\/12\/Vatterleden-Jonkoping.jpeg","type":"image\/jpeg"}],"twitter_card":"summary_large_image","twitter_misc":{"Gesch\u00e4tzte Lesezeit":"3\u00a0Minuten"},"schema":{"@context":"https:\/\/schema.org","@graph":[{"@type":"WebPage","@id":"https:\/\/vatterleden.se\/jonkoping-granna\/","url":"https:\/\/vatterleden.se\/jonkoping-granna\/","name":"J\u00f6nk\u00f6ping & Gr\u00e4nna | V\u00e4tterleden","isPartOf":{"@id":"https:\/\/vatterleden.se\/#website"},"primaryImageOfPage":{"@id":"https:\/\/vatterleden.se\/jonkoping-granna\/#primaryimage"},"image":{"@id":"https:\/\/vatterleden.se\/jonkoping-granna\/#primaryimage"},"thumbnailUrl":"https:\/\/vatterleden.se\/wp-content\/uploads\/2022\/12\/Vatterleden-Jonkoping.jpeg","datePublished":"2023-04-13T11:03:47+00:00","dateModified":"2023-04-13T13:49:08+00:00","description":"An der S\u00fcdspitze des V\u00e4ttern liegen J\u00f6nk\u00f6ping und Huskvarna. In der N\u00e4he finden Sie auch Gr\u00e4nna - alle drei sind es wert, erlebt zu werden.","breadcrumb":{"@id":"https:\/\/vatterleden.se\/jonkoping-granna\/#breadcrumb"},"inLanguage":"de","potentialAction":[{"@type":"ReadAction","target":["https:\/\/vatterleden.se\/jonkoping-granna\/"]}]},{"@type":"ImageObject","inLanguage":"de","@id":"https:\/\/vatterleden.se\/jonkoping-granna\/#primaryimage","url":"https:\/\/vatterleden.se\/wp-content\/uploads\/2022\/12\/Vatterleden-Jonkoping.jpeg","contentUrl":"https:\/\/vatterleden.se\/wp-content\/uploads\/2022\/12\/Vatterleden-Jonkoping.jpeg","width":1920,"height":1278},{"@type":"BreadcrumbList","@id":"https:\/\/vatterleden.se\/jonkoping-granna\/#breadcrumb","itemListElement":[{"@type":"ListItem","position":1,"name":"Hem","item":"https:\/\/vatterleden.se\/de\/"},{"@type":"ListItem","position":2,"name":"J\u00f6nk\u00f6ping &#038; Gr\u00e4nna"}]},{"@type":"WebSite","@id":"https:\/\/vatterleden.se\/#website","url":"https:\/\/vatterleden.se\/","name":"V\u00e4tterleden","description":"","potentialAction":[{"@type":"SearchAction","target":{"@type":"EntryPoint","urlTemplate":"https:\/\/vatterleden.se\/?s={search_term_string}"},"query-input":{"@type":"PropertyValueSpecification","valueRequired":true,"valueName":"search_term_string"}}],"inLanguage":"de"}]}},"_links":{"self":[{"href":"https:\/\/vatterleden.se\/de\/wp-json\/wp\/v2\/pages\/6481","targetHints":{"allow":["GET"]}}],"collection":[{"href":"https:\/\/vatterleden.se\/de\/wp-json\/wp\/v2\/pages"}],"about":[{"href":"https:\/\/vatterleden.se\/de\/wp-json\/wp\/v2\/types\/page"}],"author":[{"embeddable":true,"href":"https:\/\/vatterleden.se\/de\/wp-json\/wp\/v2\/users\/1"}],"replies":[{"embeddable":true,"href":"https:\/\/vatterleden.se\/de\/wp-json\/wp\/v2\/comments?post=6481"}],"version-history":[{"count":4,"href":"https:\/\/vatterleden.se\/de\/wp-json\/wp\/v2\/pages\/6481\/revisions"}],"predecessor-version":[{"id":6541,"href":"https:\/\/vatterleden.se\/de\/wp-json\/wp\/v2\/pages\/6481\/revisions\/6541"}],"wp:featuredmedia":[{"embeddable":true,"href":"https:\/\/vatterleden.se\/de\/wp-json\/wp\/v2\/media\/6136"}],"wp:attachment":[{"href":"https:\/\/vatterleden.se\/de\/wp-json\/wp\/v2\/media?parent=6481"}],"curies":[{"name":"wp","href":"https:\/\/api.w.org\/{rel}","templated":true}]}}