{"id":6487,"date":"2023-04-13T12:07:37","date_gmt":"2023-04-13T11:07:37","guid":{"rendered":"http:\/\/test.vatterleden.se\/?page_id=6487"},"modified":"2023-04-26T10:32:19","modified_gmt":"2023-04-26T09:32:19","slug":"kontakt","status":"publish","type":"page","link":"https:\/\/vatterleden.se\/de\/kontakt\/","title":{"rendered":"Kontakt"},"content":{"rendered":"\n\n\t<section class=\"section sectioncolored dark\" id=\"section_698072366\">\n\t\t<div class=\"section-bg fill\" >\n\t\t\t\t\t\t\t\t\t\n\t\t\t\n\n\t\t<\/div>\n\n\t\t\n\n\t\t<div class=\"section-content relative\">\n\t\t\t\n\n\t<div id=\"gap-1356123860\" class=\"gap-element clearfix\" style=\"display:block; height:auto;\">\n\t\t\n<style>\n#gap-1356123860 {\n  padding-top: 110px;\n}\n@media (min-width:550px) {\n  #gap-1356123860 {\n    padding-top: 150px;\n  }\n}\n<\/style>\n\t<\/div>\n\t\n\n<div class=\"row\"  id=\"row-1292859219\">\n\n\n\t<div id=\"col-990740332\" class=\"col small-12 large-12\"  >\n\t\t\t\t<div class=\"col-inner\"  >\n\t\t\t\n\t\t\t\n\n<h1>Kontakt<\/h1>\n\n\t\t<\/div>\n\t\t\t\t\n<style>\n#col-990740332 > .col-inner {\n  margin: 0px 0px -20px 0px;\n}\n@media (min-width:550px) {\n  #col-990740332 > .col-inner {\n    margin: 0px 0px -20px 0px;\n  }\n}\n@media (min-width:850px) {\n  #col-990740332 > .col-inner {\n    margin: 0px 0px -20px 0px;\n  }\n}\n<\/style>\n\t<\/div>\n\n\t\n\n\t<div id=\"col-1984469382\" class=\"col medium-6 small-12 large-6\"  >\n\t\t\t\t<div class=\"col-inner\"  >\n\t\t\t\n\t\t\t\n\n<p>Viele bezeichnen die E4 zwischen J\u00f6nk\u00f6ping und Gr\u00e4nna als Schwedens sch\u00f6nste Strecke mit ihrer spektakul\u00e4ren Natur und dem fantastischen Blick auf den V\u00e4ttern. Und genau hier befindet sich V\u00e4tterleden. Bei uns erwarten Sie g\u00fcnstige Hotelzimmer, kulinarische Hausmannskost und ein t\u00e4gliches Mittagsangebot. Wir hei\u00dfen au\u00dferdem Konferenzg\u00e4ste und gr\u00f6\u00dfere Gruppen willkommen.<\/p>\n<p>Viele Besucher, die zu uns kommen, waren bereits auf dem Messegel\u00e4nde Elmia in J\u00f6nk\u00f6ping, das in nur 10 Minuten zu erreichen ist. Von Elmia aus folgen Sie der Autobahn E4 in Richtung Stockholm, vorbei an Huskvarna und der Skulptur J\u00e4tten Vist. Drei gro\u00dfe Schilder der schwedischen Verkehrsbeh\u00f6rde weisen auf \u00d6lmstad und V\u00e4tterleden hin. Unmittelbar danach finden Sie V\u00e4tterleden auf der rechten Seite der Autobahn. Abfahrt Nr. 102.<\/p>\n\n\t\t<\/div>\n\t\t\t\t\n<style>\n#col-1984469382 > .col-inner {\n  margin: 0px 0px -20px 0px;\n}\n@media (min-width:550px) {\n  #col-1984469382 > .col-inner {\n    margin: 0px 0px 0px 0px;\n  }\n}\n@media (min-width:850px) {\n  #col-1984469382 > .col-inner {\n    margin: 0px 0px 0 0px;\n  }\n}\n<\/style>\n\t<\/div>\n\n\t\n\n\t<div id=\"col-1757125826\" class=\"col medium-6 small-12 large-6\"  >\n\t\t\t\t<div class=\"col-inner\"  >\n\t\t\t\n\t\t\t\n\n\t<div id=\"text-3820929762\" class=\"text kontaktbox\">\n\t\t\n\n<h5 style=\"color: #376083;\">Kontaktdaten<\/h5>\n<p><span class=\"spanitem\">ADRESSE:<\/span> V\u00e4ttersm\u00e5len 1, 563 93 Gr\u00e4nna<br \/><span class=\"spanitem\">TELEFON:<\/span> +46(0)36\u2013522 30<br \/><span class=\"spanitem\">E-MAIL:<\/span> info@vatterleden.se<br \/><span class=\"spanitem\">\u00d6FFNUNGSZEITEN:<\/span> 07.00 \u2013 22.00<\/p>\n\n\t\t\t<\/div>\n\t\n\t<div id=\"gap-1094264359\" class=\"gap-element clearfix\" style=\"display:block; height:auto;\">\n\t\t\n<style>\n#gap-1094264359 {\n  padding-top: 0px;\n}\n<\/style>\n\t<\/div>\n\t\n\n\t<div id=\"text-4154517772\" class=\"text disclaimer\">\n\t\t\n\n<p>Wenn Sie au\u00dferhalb der regul\u00e4ren \u00d6ffnungszeiten einchecken m\u00f6chten, wenden Sie sich bitte an das Hotel.<\/p>\n\t\t\t<\/div>\n\t\n\n\t\t<\/div>\n\t\t\t\t\t<\/div>\n\n\t\n\n<\/div>\n<div class=\"row\"  id=\"row-737878584\">\n\n\n\t<div id=\"col-350097785\" class=\"col small-12 large-12\"  >\n\t\t\t\t<div class=\"col-inner\"  >\n\t\t\t\n\t\t\t\n\n\n<div class=\"wpcf7 no-js\" id=\"wpcf7-f6560-o1\" lang=\"sv-SE\" dir=\"ltr\" data-wpcf7-id=\"6560\">\n<div class=\"screen-reader-response\"><p role=\"status\" aria-live=\"polite\" aria-atomic=\"true\"><\/p> <ul><\/ul><\/div>\n<form action=\"\/de\/wp-json\/wp\/v2\/pages\/6487#wpcf7-f6560-o1\" method=\"post\" class=\"wpcf7-form init\" aria-label=\"Kontaktformul\u00e4r\" novalidate=\"novalidate\" data-status=\"init\">\n<fieldset class=\"hidden-fields-container\"><input type=\"hidden\" name=\"_wpcf7\" value=\"6560\" \/><input type=\"hidden\" name=\"_wpcf7_version\" value=\"6.1.5\" \/><input type=\"hidden\" name=\"_wpcf7_locale\" value=\"sv_SE\" \/><input type=\"hidden\" name=\"_wpcf7_unit_tag\" value=\"wpcf7-f6560-o1\" \/><input type=\"hidden\" name=\"_wpcf7_container_post\" value=\"0\" \/><input type=\"hidden\" name=\"_wpcf7_posted_data_hash\" value=\"\" \/>\n<\/fieldset>\n<p><div class=\"row\"  id=\"row-1987623244\">\n<\/p>\n<p>\n\t<div id=\"col-2053965075\" class=\"col medium-6 small-12 large-6\"  >\n\t\t\t\t<div class=\"col-inner\"  >\n\t\t\t\n\t\t\t\n<\/p>\n<p><div class=\"row\"  id=\"row-1080416066\">\n<\/p>\n<p>\n\t<div id=\"col-465176904\" class=\"col small-12 large-12\"  >\n\t\t\t\t<div class=\"col-inner\"  >\n\t\t\t\n\t\t\t\n<\/p>\n<p><span class=\"wpcf7-form-control-wrap\" data-name=\"namn\"><input size=\"40\" maxlength=\"400\" class=\"wpcf7-form-control wpcf7-text wpcf7-validates-as-required\" aria-required=\"true\" aria-invalid=\"false\" placeholder=\"Name\" value=\"\" type=\"text\" name=\"namn\" \/><\/span>\n<\/p>\n<p>\t\t<\/div>\n\t\t\t\t\t<\/div>\n\n\t\n<\/p>\n<p>\n\t<div id=\"col-2147055053\" class=\"col small-12 large-12\"  >\n\t\t\t\t<div class=\"col-inner\"  >\n\t\t\t\n\t\t\t\n<\/p>\n<p><span class=\"wpcf7-form-control-wrap\" data-name=\"epost\"><input size=\"40\" maxlength=\"400\" class=\"wpcf7-form-control wpcf7-email wpcf7-validates-as-required wpcf7-text wpcf7-validates-as-email\" aria-required=\"true\" aria-invalid=\"false\" placeholder=\"E-Mail\" value=\"\" type=\"email\" name=\"epost\" \/><\/span>\n<\/p>\n<p>\t\t<\/div>\n\t\t\t\t\t<\/div>\n\n\t\n<\/p>\n<p>\n\t<div id=\"col-131714437\" class=\"col small-12 large-12\"  >\n\t\t\t\t<div class=\"col-inner\"  >\n\t\t\t\n\t\t\t\n<\/p>\n<p><span class=\"wpcf7-form-control-wrap\" data-name=\"telefon\"><input size=\"40\" maxlength=\"400\" class=\"wpcf7-form-control wpcf7-tel wpcf7-text wpcf7-validates-as-tel\" aria-invalid=\"false\" placeholder=\"Telefonnummer\" value=\"\" type=\"tel\" name=\"telefon\" \/><\/span>\n<\/p>\n<p>\t\t<\/div>\n\t\t\t\t\t<\/div>\n\n\t\n<\/p>\n<p><\/div>\n<\/p>\n<p>\t\t<\/div>\n\t\t\t\t\t<\/div>\n\n\t<br \/>\n\n\t<div id=\"col-701209427\" class=\"col medium-6 small-12 large-6\"  >\n\t\t\t\t<div class=\"col-inner\"  >\n\t\t\t\n\t\t\t\n<\/p>\n<p><div class=\"row\"  id=\"row-486168948\">\n<\/p>\n<p>\n\t<div id=\"col-1988114352\" class=\"col small-12 large-12\"  >\n\t\t\t\t<div class=\"col-inner\"  >\n\t\t\t\n\t\t\t\n<\/p>\n<p><span class=\"wpcf7-form-control-wrap\" data-name=\"meddelande\"><textarea cols=\"40\" rows=\"10\" maxlength=\"2000\" class=\"wpcf7-form-control wpcf7-textarea\" aria-invalid=\"false\" placeholder=\"Nachricht...\" name=\"meddelande\"><\/textarea><\/span>\n<\/p>\n<p>\t\t<\/div>\n\t\t\t\t\t<\/div>\n\n\t\n<\/p>\n<p>\n\t<div id=\"col-201795823\" class=\"col small-12 large-12\"  >\n\t\t\t\t<div class=\"col-inner\"  >\n\t\t\t\n\t\t\t\n<\/p>\n<p><input class=\"wpcf7-form-control wpcf7-submit has-spinner\" type=\"submit\" value=\"Nachricht absenden\" \/>\n<\/p>\n<p>\t\t<\/div>\n\t\t\t\t\t<\/div>\n\n\t\n<\/p>\n<p><\/div>\n<\/p>\n<p>\t\t<\/div>\n\t\t\t\t\t<\/div>\n\n\t\n<\/p>\n<p><\/div>\n<\/p><p style=\"display: none !important;\" class=\"akismet-fields-container\" data-prefix=\"_wpcf7_ak_\"><label>&#916;<textarea name=\"_wpcf7_ak_hp_textarea\" cols=\"45\" rows=\"8\" maxlength=\"100\"><\/textarea><\/label><input type=\"hidden\" id=\"ak_js_1\" name=\"_wpcf7_ak_js\" value=\"196\"\/><script type=\"text\/javascript\">\n\/* <![CDATA[ *\/\ndocument.getElementById( \"ak_js_1\" ).setAttribute( \"value\", ( new Date() ).getTime() );\n\/* ]]> *\/\n<\/script>\n<\/p><div class=\"wpcf7-response-output\" aria-hidden=\"true\"><\/div>\n<\/form>\n<\/div>\n\n\n\n\t\t<\/div>\n\t\t\t\t\t<\/div>\n\n\t\n\n<\/div>\n\t<div id=\"gap-1564964004\" class=\"gap-element clearfix\" style=\"display:block; height:auto;\">\n\t\t\n<style>\n#gap-1564964004 {\n  padding-top: 45px;\n}\n@media (min-width:550px) {\n  #gap-1564964004 {\n    padding-top: 60px;\n  }\n}\n<\/style>\n\t<\/div>\n\t\n\n\n\t\t<\/div>\n\n\t\t\n<style>\n#section_698072366 {\n  padding-top: 0px;\n  padding-bottom: 0px;\n  background-color: #9abad5;\n}\n<\/style>\n\t<\/section>\n\t\n\n\t<section class=\"section\" id=\"section_715325163\">\n\t\t<div class=\"section-bg fill\" >\n\t\t\t\t\t\t\t\t\t\n\t\t\t\n\n\t\t<\/div>\n\n\t\t\n\n\t\t<div class=\"section-content relative\">\n\t\t\t\n\n\t<div id=\"gap-57589197\" class=\"gap-element clearfix\" style=\"display:block; height:auto;\">\n\t\t\n<style>\n#gap-57589197 {\n  padding-top: 70px;\n}\n@media (min-width:550px) {\n  #gap-57589197 {\n    padding-top: 70px;\n  }\n}\n@media (min-width:850px) {\n  #gap-57589197 {\n    padding-top: 110px;\n  }\n}\n<\/style>\n\t<\/div>\n\t\n\n<div class=\"row align-center\"  id=\"row-968900477\">\n\n\n\t<div id=\"col-1461308863\" class=\"col medium-8 small-12 large-7\"  >\n\t\t\t\t<div class=\"col-inner\"  >\n\t\t\t\n\t\t\t\n\n\t<div id=\"text-431646887\" class=\"text\">\n\t\t\n\n<h3>Anreise<\/h3>\n<p>Das V\u00e4tterleden ist einfach zu finden. Es liegt an der E4 zwischen J\u00f6nk\u00f6ping und Gr\u00e4nna. Buchen Sie gern ein Zimmer oder kommen Sie auf einen kleinen Imbiss vorbei.<\/p>\n\t\t\n<style>\n#text-431646887 {\n  text-align: center;\n}\n@media (min-width:550px) {\n  #text-431646887 {\n    text-align: center;\n  }\n}\n<\/style>\n\t<\/div>\n\t\n\n\t\t<\/div>\n\t\t\t\t\t<\/div>\n\n\t\n\n<\/div>\n\t<div id=\"gap-839893143\" class=\"gap-element clearfix\" style=\"display:block; height:auto;\">\n\t\t\n<style>\n#gap-839893143 {\n  padding-top: 20px;\n}\n@media (min-width:850px) {\n  #gap-839893143 {\n    padding-top: 60px;\n  }\n}\n<\/style>\n\t<\/div>\n\t\n\n\n\t\t<\/div>\n\n\t\t\n<style>\n#section_715325163 {\n  padding-top: 0px;\n  padding-bottom: 0px;\n}\n<\/style>\n\t<\/section>\n\t\n\n<\/h5>\n\n","protected":false},"excerpt":{"rendered":"","protected":false},"author":1,"featured_media":6203,"parent":0,"menu_order":0,"comment_status":"closed","ping_status":"closed","template":"page-blank.php","meta":{"_acf_changed":false,"footnotes":""},"class_list":["post-6487","page","type-page","status-publish","has-post-thumbnail","hentry"],"acf":[],"yoast_head":"<!-- This site is optimized with the Yoast SEO plugin v27.5 - https:\/\/yoast.com\/product\/yoast-seo-wordpress\/ -->\n<title>Kontakt | V\u00e4tterleden<\/title>\n<meta name=\"description\" content=\"Die beste Entscheidung entlang, wenn Sie J\u00f6nk\u00f6ping und Gr\u00e4nna besuchen. Kontaktieren Sie uns, wenn Sie Fragen haben.\" \/>\n<meta name=\"robots\" content=\"index, follow, max-snippet:-1, max-image-preview:large, max-video-preview:-1\" \/>\n<link rel=\"canonical\" href=\"https:\/\/vatterleden.se\/de\/kontakt\/\" \/>\n<meta property=\"og:locale\" content=\"de_DE\" \/>\n<meta property=\"og:type\" content=\"article\" \/>\n<meta property=\"og:title\" content=\"Kontakt | V\u00e4tterleden\" \/>\n<meta property=\"og:description\" content=\"Die beste Entscheidung entlang, wenn Sie J\u00f6nk\u00f6ping und Gr\u00e4nna besuchen. Kontaktieren Sie uns, wenn Sie Fragen haben.\" \/>\n<meta property=\"og:url\" content=\"https:\/\/vatterleden.se\/de\/kontakt\/\" \/>\n<meta property=\"og:site_name\" content=\"V\u00e4tterleden\" \/>\n<meta property=\"article:modified_time\" content=\"2023-04-26T09:32:19+00:00\" \/>\n<meta property=\"og:image\" content=\"https:\/\/vatterleden.se\/wp-content\/uploads\/2023\/03\/DSC01846.jpg\" \/>\n\t<meta property=\"og:image:width\" content=\"1920\" \/>\n\t<meta property=\"og:image:height\" content=\"1276\" \/>\n\t<meta property=\"og:image:type\" content=\"image\/jpeg\" \/>\n<meta name=\"twitter:card\" content=\"summary_large_image\" \/>\n<meta name=\"twitter:label1\" content=\"Gesch\u00e4tzte Lesezeit\" \/>\n\t<meta name=\"twitter:data1\" content=\"1\u00a0Minute\" \/>\n<script type=\"application\/ld+json\" class=\"yoast-schema-graph\">{\"@context\":\"https:\\\/\\\/schema.org\",\"@graph\":[{\"@type\":\"WebPage\",\"@id\":\"https:\\\/\\\/vatterleden.se\\\/de\\\/kontakt\\\/\",\"url\":\"https:\\\/\\\/vatterleden.se\\\/de\\\/kontakt\\\/\",\"name\":\"Kontakt | V\u00e4tterleden\",\"isPartOf\":{\"@id\":\"https:\\\/\\\/vatterleden.se\\\/#website\"},\"primaryImageOfPage\":{\"@id\":\"https:\\\/\\\/vatterleden.se\\\/de\\\/kontakt\\\/#primaryimage\"},\"image\":{\"@id\":\"https:\\\/\\\/vatterleden.se\\\/de\\\/kontakt\\\/#primaryimage\"},\"thumbnailUrl\":\"https:\\\/\\\/vatterleden.se\\\/wp-content\\\/uploads\\\/2023\\\/03\\\/DSC01846.jpg\",\"datePublished\":\"2023-04-13T11:07:37+00:00\",\"dateModified\":\"2023-04-26T09:32:19+00:00\",\"description\":\"Die beste Entscheidung entlang, wenn Sie J\u00f6nk\u00f6ping und Gr\u00e4nna besuchen. Kontaktieren Sie uns, wenn Sie Fragen haben.\",\"breadcrumb\":{\"@id\":\"https:\\\/\\\/vatterleden.se\\\/de\\\/kontakt\\\/#breadcrumb\"},\"inLanguage\":\"de\",\"potentialAction\":[{\"@type\":\"ReadAction\",\"target\":[\"https:\\\/\\\/vatterleden.se\\\/de\\\/kontakt\\\/\"]}]},{\"@type\":\"ImageObject\",\"inLanguage\":\"de\",\"@id\":\"https:\\\/\\\/vatterleden.se\\\/de\\\/kontakt\\\/#primaryimage\",\"url\":\"https:\\\/\\\/vatterleden.se\\\/wp-content\\\/uploads\\\/2023\\\/03\\\/DSC01846.jpg\",\"contentUrl\":\"https:\\\/\\\/vatterleden.se\\\/wp-content\\\/uploads\\\/2023\\\/03\\\/DSC01846.jpg\",\"width\":1920,\"height\":1276},{\"@type\":\"BreadcrumbList\",\"@id\":\"https:\\\/\\\/vatterleden.se\\\/de\\\/kontakt\\\/#breadcrumb\",\"itemListElement\":[{\"@type\":\"ListItem\",\"position\":1,\"name\":\"Hem\",\"item\":\"https:\\\/\\\/vatterleden.se\\\/de\\\/\"},{\"@type\":\"ListItem\",\"position\":2,\"name\":\"Kontakt\"}]},{\"@type\":\"WebSite\",\"@id\":\"https:\\\/\\\/vatterleden.se\\\/#website\",\"url\":\"https:\\\/\\\/vatterleden.se\\\/\",\"name\":\"V\u00e4tterleden\",\"description\":\"\",\"potentialAction\":[{\"@type\":\"SearchAction\",\"target\":{\"@type\":\"EntryPoint\",\"urlTemplate\":\"https:\\\/\\\/vatterleden.se\\\/?s={search_term_string}\"},\"query-input\":{\"@type\":\"PropertyValueSpecification\",\"valueRequired\":true,\"valueName\":\"search_term_string\"}}],\"inLanguage\":\"de\"}]}<\/script>\n<!-- \/ Yoast SEO plugin. -->","yoast_head_json":{"title":"Kontakt | V\u00e4tterleden","description":"Die beste Entscheidung entlang, wenn Sie J\u00f6nk\u00f6ping und Gr\u00e4nna besuchen. Kontaktieren Sie uns, wenn Sie Fragen haben.","robots":{"index":"index","follow":"follow","max-snippet":"max-snippet:-1","max-image-preview":"max-image-preview:large","max-video-preview":"max-video-preview:-1"},"canonical":"https:\/\/vatterleden.se\/de\/kontakt\/","og_locale":"de_DE","og_type":"article","og_title":"Kontakt | V\u00e4tterleden","og_description":"Die beste Entscheidung entlang, wenn Sie J\u00f6nk\u00f6ping und Gr\u00e4nna besuchen. Kontaktieren Sie uns, wenn Sie Fragen haben.","og_url":"https:\/\/vatterleden.se\/de\/kontakt\/","og_site_name":"V\u00e4tterleden","article_modified_time":"2023-04-26T09:32:19+00:00","og_image":[{"width":1920,"height":1276,"url":"https:\/\/vatterleden.se\/wp-content\/uploads\/2023\/03\/DSC01846.jpg","type":"image\/jpeg"}],"twitter_card":"summary_large_image","twitter_misc":{"Gesch\u00e4tzte Lesezeit":"1\u00a0Minute"},"schema":{"@context":"https:\/\/schema.org","@graph":[{"@type":"WebPage","@id":"https:\/\/vatterleden.se\/de\/kontakt\/","url":"https:\/\/vatterleden.se\/de\/kontakt\/","name":"Kontakt | V\u00e4tterleden","isPartOf":{"@id":"https:\/\/vatterleden.se\/#website"},"primaryImageOfPage":{"@id":"https:\/\/vatterleden.se\/de\/kontakt\/#primaryimage"},"image":{"@id":"https:\/\/vatterleden.se\/de\/kontakt\/#primaryimage"},"thumbnailUrl":"https:\/\/vatterleden.se\/wp-content\/uploads\/2023\/03\/DSC01846.jpg","datePublished":"2023-04-13T11:07:37+00:00","dateModified":"2023-04-26T09:32:19+00:00","description":"Die beste Entscheidung entlang, wenn Sie J\u00f6nk\u00f6ping und Gr\u00e4nna besuchen. Kontaktieren Sie uns, wenn Sie Fragen haben.","breadcrumb":{"@id":"https:\/\/vatterleden.se\/de\/kontakt\/#breadcrumb"},"inLanguage":"de","potentialAction":[{"@type":"ReadAction","target":["https:\/\/vatterleden.se\/de\/kontakt\/"]}]},{"@type":"ImageObject","inLanguage":"de","@id":"https:\/\/vatterleden.se\/de\/kontakt\/#primaryimage","url":"https:\/\/vatterleden.se\/wp-content\/uploads\/2023\/03\/DSC01846.jpg","contentUrl":"https:\/\/vatterleden.se\/wp-content\/uploads\/2023\/03\/DSC01846.jpg","width":1920,"height":1276},{"@type":"BreadcrumbList","@id":"https:\/\/vatterleden.se\/de\/kontakt\/#breadcrumb","itemListElement":[{"@type":"ListItem","position":1,"name":"Hem","item":"https:\/\/vatterleden.se\/de\/"},{"@type":"ListItem","position":2,"name":"Kontakt"}]},{"@type":"WebSite","@id":"https:\/\/vatterleden.se\/#website","url":"https:\/\/vatterleden.se\/","name":"V\u00e4tterleden","description":"","potentialAction":[{"@type":"SearchAction","target":{"@type":"EntryPoint","urlTemplate":"https:\/\/vatterleden.se\/?s={search_term_string}"},"query-input":{"@type":"PropertyValueSpecification","valueRequired":true,"valueName":"search_term_string"}}],"inLanguage":"de"}]}},"_links":{"self":[{"href":"https:\/\/vatterleden.se\/de\/wp-json\/wp\/v2\/pages\/6487","targetHints":{"allow":["GET"]}}],"collection":[{"href":"https:\/\/vatterleden.se\/de\/wp-json\/wp\/v2\/pages"}],"about":[{"href":"https:\/\/vatterleden.se\/de\/wp-json\/wp\/v2\/types\/page"}],"author":[{"embeddable":true,"href":"https:\/\/vatterleden.se\/de\/wp-json\/wp\/v2\/users\/1"}],"replies":[{"embeddable":true,"href":"https:\/\/vatterleden.se\/de\/wp-json\/wp\/v2\/comments?post=6487"}],"version-history":[{"count":5,"href":"https:\/\/vatterleden.se\/de\/wp-json\/wp\/v2\/pages\/6487\/revisions"}],"predecessor-version":[{"id":6682,"href":"https:\/\/vatterleden.se\/de\/wp-json\/wp\/v2\/pages\/6487\/revisions\/6682"}],"wp:featuredmedia":[{"embeddable":true,"href":"https:\/\/vatterleden.se\/de\/wp-json\/wp\/v2\/media\/6203"}],"wp:attachment":[{"href":"https:\/\/vatterleden.se\/de\/wp-json\/wp\/v2\/media?parent=6487"}],"curies":[{"name":"wp","href":"https:\/\/api.w.org\/{rel}","templated":true}]}}