{"id":6210,"date":"2023-03-24T09:54:40","date_gmt":"2023-03-24T08:54:40","guid":{"rendered":"http:\/\/test.vatterleden.se\/?page_id=6210"},"modified":"2023-04-13T15:11:50","modified_gmt":"2023-04-13T14:11:50","slug":"elmia","status":"publish","type":"page","link":"https:\/\/vatterleden.se\/en\/elmia\/","title":{"rendered":"Elmia"},"content":{"rendered":"\n\n\t<section class=\"section sectioncolored dark\" id=\"section_1195298879\">\n\t\t<div class=\"section-bg fill\" >\n\t\t\t\t\t\t\t\t\t\n\t\t\t\n\n\t\t<\/div>\n\n\t\t\n\n\t\t<div class=\"section-content relative\">\n\t\t\t\n\n\t<div id=\"gap-1515387201\" class=\"gap-element clearfix\" style=\"display:block; height:auto;\">\n\t\t\n<style>\n#gap-1515387201 {\n  padding-top: 110px;\n}\n@media (min-width:550px) {\n  #gap-1515387201 {\n    padding-top: 150px;\n  }\n}\n<\/style>\n\t<\/div>\n\t\n\n<div class=\"row\"  id=\"row-443249500\">\n\n\n\t<div id=\"col-633081247\" class=\"col small-12 large-12\"  >\n\t\t\t\t<div class=\"col-inner\"  >\n\t\t\t\n\t\t\t\n\n<h1>Elmia \u2013 Only 10 Minutes Drive Away<\/h1>\n\n\t\t<\/div>\n\t\t\t\t\n<style>\n#col-633081247 > .col-inner {\n  margin: 0px 0px -20px 0px;\n}\n@media (min-width:550px) {\n  #col-633081247 > .col-inner {\n    margin: 0px 0px -20px 0px;\n  }\n}\n@media (min-width:850px) {\n  #col-633081247 > .col-inner {\n    margin: 0px 0px -20px 0px;\n  }\n}\n<\/style>\n\t<\/div>\n\n\t\n\n\t<div id=\"col-1655692035\" class=\"col medium-6 small-12 large-6\"  >\n\t\t\t\t<div class=\"col-inner\"  >\n\t\t\t\n\t\t\t\n\n<p>Elmia is known for attracting fairs, conventions, concerts and meetings of various kinds. And it is a given that whether you are an organiser, exhibitor or visitor you need accommodation and food. With us at V\u00e4tterleden, you live comfortably and close at really good prices. Breakfast is always included and we have a restaurant where we serve food every day of the week.<\/p>\n\n\t\t<\/div>\n\t\t\t\t\n<style>\n#col-1655692035 > .col-inner {\n  margin: 0px 0px -20px 0px;\n}\n@media (min-width:550px) {\n  #col-1655692035 > .col-inner {\n    margin: 0px 0px 0px 0px;\n  }\n}\n@media (min-width:850px) {\n  #col-1655692035 > .col-inner {\n    margin: 0px 0px 0 0px;\n  }\n}\n<\/style>\n\t<\/div>\n\n\t\n\n\t<div id=\"col-2143454789\" class=\"col medium-6 small-12 large-6\"  >\n\t\t\t\t<div class=\"col-inner\"  >\n\t\t\t\n\t\t\t\n\n<p>Only 10 minutes by car from V\u00e4tterleden is the Elmia trade fair area. Many of our guests appreciate our competitive prices, bright and attractive rooms and the proximity to Elmia. Here you park for free outside the room and then it&#8217;s straight out on the E4 to Elmia.<\/p>\n\n\t\t<\/div>\n\t\t\t\t\t<\/div>\n\n\t\n\n<\/div>\n\t<div id=\"gap-455673303\" class=\"gap-element clearfix\" style=\"display:block; height:auto;\">\n\t\t\n<style>\n#gap-455673303 {\n  padding-top: 0px;\n}\n@media (min-width:550px) {\n  #gap-455673303 {\n    padding-top: 30px;\n  }\n}\n<\/style>\n\t<\/div>\n\t\n\n<div class=\"row row-large iconboxrow\"  id=\"row-1291314955\">\n\n\n\t<div id=\"col-420444116\" class=\"col medium-4 small-6 large-4\"  >\n\t\t\t\t<div class=\"col-inner\"  >\n\t\t\t\n\t\t\t\n\n\n\t\t<div class=\"icon-box featured-box icon-box-top text-left\"  >\n\t\t\t\t\t<div class=\"icon-box-img\" style=\"width: 45px\">\n\t\t\t\t<div class=\"icon\">\n\t\t\t\t\t<div class=\"icon-inner\" style=\"color:rgb(255, 255, 255);\">\n\t\t\t\t\t\t<?xml version=\"1.0\" encoding=\"UTF-8\"?> <svg xmlns=\"http:\/\/www.w3.org\/2000\/svg\" height=\"48\" width=\"48\"><path d=\"M9.05 38.5h-2l-1-4.2H3.7v-11q0-1.3.85-2.275.85-.975 2.15-1.075H8V13.1q0-1.4 1-2.4t2.4-1h25.15q1.4 0 2.4 1t1 2.4v6.85h1.35q1.25.1 2.125 1.05.875.95.875 2.2v11.1h-2.35l-1 4.2h-2l-1-4.2H10.1ZM25.5 20.2h11.05v-7.1H25.5Zm-14.1 0h11.1v-7.1H11.4ZM7.1 30.9h33.8v-7.7H7.1Zm33.8 0H7.1h33.8Z\"><\/path><\/svg> \t\t\t\t\t<\/div>\n\t\t\t\t<\/div>\n\t\t\t<\/div>\n\t\t\t\t<div class=\"icon-box-text last-reset\">\n\t\t\t\t\t\t\t\t\t\n\n<h4>Attractive Rooms at Great Prices<\/h4>\n<p>We offer bright and fresh rooms with good parking facilities and free Wi-Fi. We also welcome dogs to several of our rooms.<\/p>\n\n\t\t<\/div>\n\t<\/div>\n\t\n\t\n\n\t\t<\/div>\n\t\t\t\t\t<\/div>\n\n\t\n\n\t<div id=\"col-1440269743\" class=\"col medium-4 small-6 large-4\"  >\n\t\t\t\t<div class=\"col-inner\"  >\n\t\t\t\n\t\t\t\n\n\n\t\t<div class=\"icon-box featured-box icon-box-top text-left\"  >\n\t\t\t\t\t<div class=\"icon-box-img\" style=\"width: 45px\">\n\t\t\t\t<div class=\"icon\">\n\t\t\t\t\t<div class=\"icon-inner\" style=\"color:rgb(255, 255, 255);\">\n\t\t\t\t\t\t<?xml version=\"1.0\" encoding=\"UTF-8\"?> <svg xmlns=\"http:\/\/www.w3.org\/2000\/svg\" height=\"48\" width=\"48\"><path d=\"M10 38.1v2.4q0 .8-.5 1.3t-1.3.5h-.7q-.75 0-1.275-.525Q5.7 41.25 5.7 40.5V24.25L9.95 11.4q.3-.8.95-1.25.65-.45 1.5-.45h23.2q.85 0 1.5.45t.95 1.25l4.25 12.85V40.5q0 .75-.525 1.275-.525.525-1.275.525h-.75q-.8 0-1.275-.5Q38 41.3 38 40.5v-2.4Zm.3-16.8h27.45L35 13.1H13Zm-1.2 3v10.4Zm5.25 7.95q1.15 0 1.925-.8.775-.8.775-1.9 0-1.2-.8-2t-1.9-.8q-1.15 0-1.975.8-.825.8-.825 2 0 1.15.8 1.925.8.775 2 .775Zm19.35 0q1.15 0 1.975-.8.825-.8.825-1.9 0-1.2-.8-2t-2-.8q-1.15 0-1.925.8-.775.8-.775 2 0 1.15.8 1.925.8.775 1.9.775ZM9.1 34.7h29.8V24.3H9.1Z\"><\/path><\/svg> \t\t\t\t\t<\/div>\n\t\t\t\t<\/div>\n\t\t\t<\/div>\n\t\t\t\t<div class=\"icon-box-text last-reset\">\n\t\t\t\t\t\t\t\t\t\n\n<h4>10 Minutes Drive to Elmia<\/h4>\n<p>With the E4 close at hand, you can get to Elmia&#8217;s fairgrounds in just 10 minutes. It can&#8217;t get any better than that.<\/p>\n\n\t\t<\/div>\n\t<\/div>\n\t\n\t\n\n\t\t<\/div>\n\t\t\t\t\t<\/div>\n\n\t\n\n\t<div id=\"col-1337671603\" class=\"col medium-4 small-6 large-4\"  >\n\t\t\t\t<div class=\"col-inner\"  >\n\t\t\t\n\t\t\t\n\n\n\t\t<div class=\"icon-box featured-box icon-box-top text-left\"  >\n\t\t\t\t\t<div class=\"icon-box-img\" style=\"width: 45px\">\n\t\t\t\t<div class=\"icon\">\n\t\t\t\t\t<div class=\"icon-inner\" style=\"color:rgb(255, 255, 255);\">\n\t\t\t\t\t\t<?xml version=\"1.0\" encoding=\"UTF-8\"?> <svg xmlns=\"http:\/\/www.w3.org\/2000\/svg\" height=\"48\" width=\"48\"><path d=\"M14.1 44.15v-18.4q-2.65-.55-4.575-2.7Q7.6 20.9 7.6 17.85v-14h3.25v14h3.25v-14h3.3v14h3.25v-14h3.25v14q0 3.05-1.925 5.2-1.925 2.15-4.575 2.7v18.4Zm21.2 0v-16h-5.75v-15.4q0-4.05 2.475-6.475T38.55 3.85v40.3Z\"><\/path><\/svg> \t\t\t\t\t<\/div>\n\t\t\t\t<\/div>\n\t\t\t<\/div>\n\t\t\t\t<div class=\"icon-box-text last-reset\">\n\t\t\t\t\t\t\t\t\t\n\n<h4>Restaurant Every Day of the Week<\/h4>\n<p>We offer lunch every day of the week. We also have an \u00e0 la carte menu with tastes for everyone. Breakfast buffet is included for all our hotel guests.<\/p>\n\n\t\t<\/div>\n\t<\/div>\n\t\n\t\n\n\t\t<\/div>\n\t\t\t\t\t<\/div>\n\n\t\n\n<\/div>\n\t<div id=\"gap-1904617967\" class=\"gap-element clearfix\" style=\"display:block; height:auto;\">\n\t\t\n<style>\n#gap-1904617967 {\n  padding-top: 31px;\n}\n@media (min-width:550px) {\n  #gap-1904617967 {\n    padding-top: 45px;\n  }\n}\n<\/style>\n\t<\/div>\n\t\n\n<div class=\"row\"  id=\"row-1940407012\">\n\n\n\t<div id=\"col-1725786391\" class=\"col small-12 large-12\"  >\n\t\t\t\t<div class=\"col-inner text-center\"  >\n\t\t\t\n\t\t\t\n\n<a href=\"\/en\/hotel\/#book\" class=\"button alert buttonlength\"  >\n\t\t<span>Book a room<\/span>\n\t<\/a>\n\n\n\n\t\t<\/div>\n\t\t\t\t\t<\/div>\n\n\t\n\n<\/div>\n\t<div id=\"gap-2026499292\" class=\"gap-element clearfix\" style=\"display:block; height:auto;\">\n\t\t\n<style>\n#gap-2026499292 {\n  padding-top: 15px;\n}\n@media (min-width:550px) {\n  #gap-2026499292 {\n    padding-top: 30px;\n  }\n}\n<\/style>\n\t<\/div>\n\t\n\n<div class=\"row\"  id=\"row-1380999612\">\n\n\n\t<div id=\"col-1150948734\" class=\"col medium-4 small-12 large-4\"  >\n\t\t\t\t<div class=\"col-inner\"  >\n\t\t\t\n\t\t\t\n\n\n  <div class=\"banner has-hover\" id=\"banner-870288172\">\n          <div class=\"banner-inner fill\">\n        <div class=\"banner-bg fill\" >\n            <img loading=\"lazy\" decoding=\"async\" width=\"960\" height=\"540\" src=\"https:\/\/vatterleden.se\/wp-content\/uploads\/2022\/12\/Vatterleden-14-960x540.jpeg\" class=\"bg attachment-medium size-medium\" alt=\"\" \/>                                    \n                    <\/div>\n\t\t\n        <div class=\"banner-layers container\">\n            <div class=\"fill banner-link\"><\/div>            \n\n\n        <\/div>\n      <\/div>\n\n            \n<style>\n#banner-870288172 {\n  padding-top: 200px;\n}\n#banner-870288172 .banner-bg img {\n  object-position: 7% 48%;\n}\n@media (min-width:550px) {\n  #banner-870288172 {\n    padding-top: 300px;\n  }\n}\n@media (min-width:850px) {\n  #banner-870288172 {\n    padding-top: 115%;\n  }\n}\n<\/style>\n  <\/div>\n\n\n\n\t\t<\/div>\n\t\t\t\t\n<style>\n#col-1150948734 > .col-inner {\n  margin: 0px 0px 0 0px;\n}\n@media (min-width:550px) {\n  #col-1150948734 > .col-inner {\n    margin: 0px 0px -30px 0px;\n  }\n}\n@media (min-width:850px) {\n  #col-1150948734 > .col-inner {\n    margin: 0px 0px -30px 0px;\n  }\n}\n<\/style>\n\t<\/div>\n\n\t\n\n\t<div id=\"col-1139098751\" class=\"col medium-4 small-12 large-4\"  >\n\t\t\t\t<div class=\"col-inner\"  >\n\t\t\t\n\t\t\t\n\n\n  <div class=\"banner has-hover\" id=\"banner-853005458\">\n          <div class=\"banner-inner fill\">\n        <div class=\"banner-bg fill\" >\n            <img loading=\"lazy\" decoding=\"async\" width=\"960\" height=\"540\" src=\"https:\/\/vatterleden.se\/wp-content\/uploads\/2022\/12\/Elmia-Subcontractor-2022-oversikt-960x540.jpg\" class=\"bg attachment-medium size-medium\" alt=\"\" \/>                                    \n                    <\/div>\n\t\t\n        <div class=\"banner-layers container\">\n            <div class=\"fill banner-link\"><\/div>            \n\n\n        <\/div>\n      <\/div>\n\n            \n<style>\n#banner-853005458 {\n  padding-top: 200px;\n}\n#banner-853005458 .banner-bg img {\n  object-position: 50% 50%;\n}\n@media (min-width:550px) {\n  #banner-853005458 {\n    padding-top: 300px;\n  }\n}\n@media (min-width:850px) {\n  #banner-853005458 {\n    padding-top: 115%;\n  }\n}\n<\/style>\n  <\/div>\n\n\n\n\t\t<\/div>\n\t\t\t\t\n<style>\n#col-1139098751 > .col-inner {\n  margin: 0px 0px 0 0px;\n}\n@media (min-width:550px) {\n  #col-1139098751 > .col-inner {\n    margin: 0px 0px -30px 0px;\n  }\n}\n@media (min-width:850px) {\n  #col-1139098751 > .col-inner {\n    margin: 0px 0px -30px 0px;\n  }\n}\n<\/style>\n\t<\/div>\n\n\t\n\n\t<div id=\"col-2112634963\" class=\"col medium-4 small-12 large-4\"  >\n\t\t\t\t<div class=\"col-inner\"  >\n\t\t\t\n\t\t\t\n\n\n  <div class=\"banner has-hover\" id=\"banner-1316108258\">\n          <div class=\"banner-inner fill\">\n        <div class=\"banner-bg fill\" >\n            <img loading=\"lazy\" decoding=\"async\" width=\"960\" height=\"540\" src=\"https:\/\/vatterleden.se\/wp-content\/uploads\/2022\/12\/Vatterleden-15-960x540.jpeg\" class=\"bg attachment-medium size-medium\" alt=\"\" \/>                                    \n                    <\/div>\n\t\t\n        <div class=\"banner-layers container\">\n            <div class=\"fill banner-link\"><\/div>            \n\n\n        <\/div>\n      <\/div>\n\n            \n<style>\n#banner-1316108258 {\n  padding-top: 200px;\n}\n#banner-1316108258 .banner-bg img {\n  object-position: 57% 78%;\n}\n@media (min-width:550px) {\n  #banner-1316108258 {\n    padding-top: 300px;\n  }\n}\n@media (min-width:850px) {\n  #banner-1316108258 {\n    padding-top: 115%;\n  }\n}\n<\/style>\n  <\/div>\n\n\n\n\t\t<\/div>\n\t\t\t\t\n<style>\n#col-2112634963 > .col-inner {\n  margin: 0px 0px -30px 0px;\n}\n@media (min-width:550px) {\n  #col-2112634963 > .col-inner {\n    margin: 0px 0px -30px 0px;\n  }\n}\n@media (min-width:850px) {\n  #col-2112634963 > .col-inner {\n    margin: 0px 0px -30px 0px;\n  }\n}\n<\/style>\n\t<\/div>\n\n\t\n\n<\/div>\n\n\t\t<\/div>\n\n\t\t\n<style>\n#section_1195298879 {\n  padding-top: 0px;\n  padding-bottom: 0px;\n  background-color: #9abad5;\n}\n<\/style>\n\t<\/section>\n\t\n\n\t<section class=\"section index12\" id=\"section_1360220745\">\n\t\t<div class=\"section-bg fill\" >\n\t\t\t\t\t\t\t\t\t\n\t\t\t\n\n\t\t<\/div>\n\n\t\t\n\n\t\t<div class=\"section-content relative\">\n\t\t\t\n\n\t<div id=\"gap-687867015\" class=\"gap-element clearfix\" style=\"display:block; height:auto;\">\n\t\t\n<style>\n#gap-687867015 {\n  padding-top: 45px;\n}\n@media (min-width:550px) {\n  #gap-687867015 {\n    padding-top: 143px;\n  }\n}\n@media (min-width:850px) {\n  #gap-687867015 {\n    padding-top: 239px;\n  }\n}\n<\/style>\n\t<\/div>\n\t\n\n\n\t\t<\/div>\n\n\t\t\n<style>\n#section_1360220745 {\n  padding-top: 0px;\n  padding-bottom: 0px;\n  background-color: rgb(255, 255, 255);\n}\n<\/style>\n\t<\/section>\n\t\n\n\t<section class=\"section\" id=\"section_1013435011\">\n\t\t<div class=\"section-bg fill\" >\n\t\t\t\t\t\t\t\t\t\n\t\t\t\n\n\t\t<\/div>\n\n\t\t\n\n\t\t<div class=\"section-content relative\">\n\t\t\t\n\n\t<div id=\"gap-752388372\" class=\"gap-element clearfix\" style=\"display:block; height:auto;\">\n\t\t\n<style>\n#gap-752388372 {\n  padding-top: 70px;\n}\n@media (min-width:550px) {\n  #gap-752388372 {\n    padding-top: 70px;\n  }\n}\n@media (min-width:850px) {\n  #gap-752388372 {\n    padding-top: 110px;\n  }\n}\n<\/style>\n\t<\/div>\n\t\n\n<div class=\"row align-center\"  id=\"row-853659967\">\n\n\n\t<div id=\"col-775387775\" class=\"col medium-8 small-12 large-7\"  >\n\t\t\t\t<div class=\"col-inner\"  >\n\t\t\t\n\t\t\t\n\n\t<div id=\"text-1793100317\" class=\"text\">\n\t\t\n\n<h3>Find Us<\/h3>\n<p>It is easy to find Hotel V\u00e4tterleden.\u00a0We are located along the E4 between J\u00f6nk\u00f6ping and Gr\u00e4nna. You are welcome to book a room or come in to eat.<\/p>\n\n\t\t\n<style>\n#text-1793100317 {\n  text-align: center;\n}\n@media (min-width:550px) {\n  #text-1793100317 {\n    text-align: center;\n  }\n}\n<\/style>\n\t<\/div>\n\t\n\n\t\t<\/div>\n\t\t\t\t\t<\/div>\n\n\t\n\n<\/div>\n\t<div id=\"gap-1707470715\" class=\"gap-element clearfix\" style=\"display:block; height:auto;\">\n\t\t\n<style>\n#gap-1707470715 {\n  padding-top: 20px;\n}\n@media (min-width:850px) {\n  #gap-1707470715 {\n    padding-top: 60px;\n  }\n}\n<\/style>\n\t<\/div>\n\t\n\n\n\t\t<\/div>\n\n\t\t\n<style>\n#section_1013435011 {\n  padding-top: 0px;\n  padding-bottom: 0px;\n}\n<\/style>\n\t<\/section>\n\t\n","protected":false},"excerpt":{"rendered":"","protected":false},"author":1,"featured_media":5541,"parent":0,"menu_order":0,"comment_status":"closed","ping_status":"closed","template":"page-blank.php","meta":{"_acf_changed":false,"footnotes":""},"class_list":["post-6210","page","type-page","status-publish","has-post-thumbnail","hentry"],"acf":[],"yoast_head":"<!-- This site is optimized with the Yoast SEO plugin v27.5 - https:\/\/yoast.com\/product\/yoast-seo-wordpress\/ -->\n<title>Elmia | V\u00e4tterleden<\/title>\n<meta name=\"description\" content=\"Are you going to visit Elmia to attend an event? We are only 10 minutes&#039; drive from Elmia. Welcome to book your accommodation with us!\" \/>\n<meta name=\"robots\" content=\"index, follow, max-snippet:-1, max-image-preview:large, max-video-preview:-1\" \/>\n<link rel=\"canonical\" href=\"https:\/\/vatterleden.se\/elmia\/\" \/>\n<meta property=\"og:locale\" content=\"en_US\" \/>\n<meta property=\"og:type\" content=\"article\" \/>\n<meta property=\"og:title\" content=\"Elmia | V\u00e4tterleden\" \/>\n<meta property=\"og:description\" content=\"Are you going to visit Elmia to attend an event? We are only 10 minutes&#039; drive from Elmia. Welcome to book your accommodation with us!\" \/>\n<meta property=\"og:url\" content=\"https:\/\/vatterleden.se\/elmia\/\" \/>\n<meta property=\"og:site_name\" content=\"V\u00e4tterleden\" \/>\n<meta property=\"article:modified_time\" content=\"2023-04-13T14:11:50+00:00\" \/>\n<meta property=\"og:image\" content=\"https:\/\/vatterleden.se\/wp-content\/uploads\/2022\/12\/Vatterleden-Elmia.jpeg\" \/>\n\t<meta property=\"og:image:width\" content=\"1920\" \/>\n\t<meta property=\"og:image:height\" content=\"1080\" \/>\n\t<meta property=\"og:image:type\" content=\"image\/jpeg\" \/>\n<meta name=\"twitter:card\" content=\"summary_large_image\" \/>\n<meta name=\"twitter:label1\" content=\"Est. reading time\" \/>\n\t<meta name=\"twitter:data1\" content=\"3 minutes\" \/>\n<script type=\"application\/ld+json\" class=\"yoast-schema-graph\">{\"@context\":\"https:\\\/\\\/schema.org\",\"@graph\":[{\"@type\":\"WebPage\",\"@id\":\"https:\\\/\\\/vatterleden.se\\\/elmia\\\/\",\"url\":\"https:\\\/\\\/vatterleden.se\\\/elmia\\\/\",\"name\":\"Elmia | V\u00e4tterleden\",\"isPartOf\":{\"@id\":\"https:\\\/\\\/vatterleden.se\\\/#website\"},\"primaryImageOfPage\":{\"@id\":\"https:\\\/\\\/vatterleden.se\\\/elmia\\\/#primaryimage\"},\"image\":{\"@id\":\"https:\\\/\\\/vatterleden.se\\\/elmia\\\/#primaryimage\"},\"thumbnailUrl\":\"https:\\\/\\\/vatterleden.se\\\/wp-content\\\/uploads\\\/2022\\\/12\\\/Vatterleden-Elmia.jpeg\",\"datePublished\":\"2023-03-24T08:54:40+00:00\",\"dateModified\":\"2023-04-13T14:11:50+00:00\",\"description\":\"Are you going to visit Elmia to attend an event? We are only 10 minutes' drive from Elmia. Welcome to book your accommodation with us!\",\"breadcrumb\":{\"@id\":\"https:\\\/\\\/vatterleden.se\\\/elmia\\\/#breadcrumb\"},\"inLanguage\":\"en-US\",\"potentialAction\":[{\"@type\":\"ReadAction\",\"target\":[\"https:\\\/\\\/vatterleden.se\\\/elmia\\\/\"]}]},{\"@type\":\"ImageObject\",\"inLanguage\":\"en-US\",\"@id\":\"https:\\\/\\\/vatterleden.se\\\/elmia\\\/#primaryimage\",\"url\":\"https:\\\/\\\/vatterleden.se\\\/wp-content\\\/uploads\\\/2022\\\/12\\\/Vatterleden-Elmia.jpeg\",\"contentUrl\":\"https:\\\/\\\/vatterleden.se\\\/wp-content\\\/uploads\\\/2022\\\/12\\\/Vatterleden-Elmia.jpeg\",\"width\":1920,\"height\":1080},{\"@type\":\"BreadcrumbList\",\"@id\":\"https:\\\/\\\/vatterleden.se\\\/elmia\\\/#breadcrumb\",\"itemListElement\":[{\"@type\":\"ListItem\",\"position\":1,\"name\":\"Hem\",\"item\":\"https:\\\/\\\/vatterleden.se\\\/en\\\/\"},{\"@type\":\"ListItem\",\"position\":2,\"name\":\"Elmia\"}]},{\"@type\":\"WebSite\",\"@id\":\"https:\\\/\\\/vatterleden.se\\\/#website\",\"url\":\"https:\\\/\\\/vatterleden.se\\\/\",\"name\":\"V\u00e4tterleden\",\"description\":\"\",\"potentialAction\":[{\"@type\":\"SearchAction\",\"target\":{\"@type\":\"EntryPoint\",\"urlTemplate\":\"https:\\\/\\\/vatterleden.se\\\/?s={search_term_string}\"},\"query-input\":{\"@type\":\"PropertyValueSpecification\",\"valueRequired\":true,\"valueName\":\"search_term_string\"}}],\"inLanguage\":\"en-US\"}]}<\/script>\n<!-- \/ Yoast SEO plugin. -->","yoast_head_json":{"title":"Elmia | V\u00e4tterleden","description":"Are you going to visit Elmia to attend an event? We are only 10 minutes' drive from Elmia. Welcome to book your accommodation with us!","robots":{"index":"index","follow":"follow","max-snippet":"max-snippet:-1","max-image-preview":"max-image-preview:large","max-video-preview":"max-video-preview:-1"},"canonical":"https:\/\/vatterleden.se\/elmia\/","og_locale":"en_US","og_type":"article","og_title":"Elmia | V\u00e4tterleden","og_description":"Are you going to visit Elmia to attend an event? We are only 10 minutes' drive from Elmia. Welcome to book your accommodation with us!","og_url":"https:\/\/vatterleden.se\/elmia\/","og_site_name":"V\u00e4tterleden","article_modified_time":"2023-04-13T14:11:50+00:00","og_image":[{"width":1920,"height":1080,"url":"https:\/\/vatterleden.se\/wp-content\/uploads\/2022\/12\/Vatterleden-Elmia.jpeg","type":"image\/jpeg"}],"twitter_card":"summary_large_image","twitter_misc":{"Est. reading time":"3 minutes"},"schema":{"@context":"https:\/\/schema.org","@graph":[{"@type":"WebPage","@id":"https:\/\/vatterleden.se\/elmia\/","url":"https:\/\/vatterleden.se\/elmia\/","name":"Elmia | V\u00e4tterleden","isPartOf":{"@id":"https:\/\/vatterleden.se\/#website"},"primaryImageOfPage":{"@id":"https:\/\/vatterleden.se\/elmia\/#primaryimage"},"image":{"@id":"https:\/\/vatterleden.se\/elmia\/#primaryimage"},"thumbnailUrl":"https:\/\/vatterleden.se\/wp-content\/uploads\/2022\/12\/Vatterleden-Elmia.jpeg","datePublished":"2023-03-24T08:54:40+00:00","dateModified":"2023-04-13T14:11:50+00:00","description":"Are you going to visit Elmia to attend an event? We are only 10 minutes' drive from Elmia. Welcome to book your accommodation with us!","breadcrumb":{"@id":"https:\/\/vatterleden.se\/elmia\/#breadcrumb"},"inLanguage":"en-US","potentialAction":[{"@type":"ReadAction","target":["https:\/\/vatterleden.se\/elmia\/"]}]},{"@type":"ImageObject","inLanguage":"en-US","@id":"https:\/\/vatterleden.se\/elmia\/#primaryimage","url":"https:\/\/vatterleden.se\/wp-content\/uploads\/2022\/12\/Vatterleden-Elmia.jpeg","contentUrl":"https:\/\/vatterleden.se\/wp-content\/uploads\/2022\/12\/Vatterleden-Elmia.jpeg","width":1920,"height":1080},{"@type":"BreadcrumbList","@id":"https:\/\/vatterleden.se\/elmia\/#breadcrumb","itemListElement":[{"@type":"ListItem","position":1,"name":"Hem","item":"https:\/\/vatterleden.se\/en\/"},{"@type":"ListItem","position":2,"name":"Elmia"}]},{"@type":"WebSite","@id":"https:\/\/vatterleden.se\/#website","url":"https:\/\/vatterleden.se\/","name":"V\u00e4tterleden","description":"","potentialAction":[{"@type":"SearchAction","target":{"@type":"EntryPoint","urlTemplate":"https:\/\/vatterleden.se\/?s={search_term_string}"},"query-input":{"@type":"PropertyValueSpecification","valueRequired":true,"valueName":"search_term_string"}}],"inLanguage":"en-US"}]}},"_links":{"self":[{"href":"https:\/\/vatterleden.se\/en\/wp-json\/wp\/v2\/pages\/6210","targetHints":{"allow":["GET"]}}],"collection":[{"href":"https:\/\/vatterleden.se\/en\/wp-json\/wp\/v2\/pages"}],"about":[{"href":"https:\/\/vatterleden.se\/en\/wp-json\/wp\/v2\/types\/page"}],"author":[{"embeddable":true,"href":"https:\/\/vatterleden.se\/en\/wp-json\/wp\/v2\/users\/1"}],"replies":[{"embeddable":true,"href":"https:\/\/vatterleden.se\/en\/wp-json\/wp\/v2\/comments?post=6210"}],"version-history":[{"count":8,"href":"https:\/\/vatterleden.se\/en\/wp-json\/wp\/v2\/pages\/6210\/revisions"}],"predecessor-version":[{"id":6467,"href":"https:\/\/vatterleden.se\/en\/wp-json\/wp\/v2\/pages\/6210\/revisions\/6467"}],"wp:featuredmedia":[{"embeddable":true,"href":"https:\/\/vatterleden.se\/en\/wp-json\/wp\/v2\/media\/5541"}],"wp:attachment":[{"href":"https:\/\/vatterleden.se\/en\/wp-json\/wp\/v2\/media?parent=6210"}],"curies":[{"name":"wp","href":"https:\/\/api.w.org\/{rel}","templated":true}]}}