{"id":6245,"date":"2023-03-24T10:13:18","date_gmt":"2023-03-24T09:13:18","guid":{"rendered":"http:\/\/test.vatterleden.se\/?page_id=6245"},"modified":"2023-04-13T15:14:01","modified_gmt":"2023-04-13T14:14:01","slug":"jonkoping-granna","status":"publish","type":"page","link":"https:\/\/vatterleden.se\/en\/jonkoping-granna\/","title":{"rendered":"Jonkoping &#038; Granna"},"content":{"rendered":"\n\n\t<section class=\"section sectioncolored dark\" id=\"section_1691398718\">\n\t\t<div class=\"section-bg fill\" >\n\t\t\t\t\t\t\t\t\t\n\t\t\t\n\n\t\t<\/div>\n\n\t\t\n\n\t\t<div class=\"section-content relative\">\n\t\t\t\n\n\t<div id=\"gap-1816507374\" class=\"gap-element clearfix\" style=\"display:block; height:auto;\">\n\t\t\n<style>\n#gap-1816507374 {\n  padding-top: 110px;\n}\n@media (min-width:550px) {\n  #gap-1816507374 {\n    padding-top: 150px;\n  }\n}\n<\/style>\n\t<\/div>\n\t\n\n<div class=\"row\"  id=\"row-1725679470\">\n\n\n\t<div id=\"col-1150514656\" class=\"col small-12 large-12\"  >\n\t\t\t\t<div class=\"col-inner\"  >\n\t\t\t\n\t\t\t\n\n<h1>J\u00f6nk\u00f6ping &amp; Gr\u00e4nna<\/h1>\n\n\t\t<\/div>\n\t\t\t\t\n<style>\n#col-1150514656 > .col-inner {\n  margin: 0px 0px -20px 0px;\n}\n@media (min-width:550px) {\n  #col-1150514656 > .col-inner {\n    margin: 0px 0px -20px 0px;\n  }\n}\n@media (min-width:850px) {\n  #col-1150514656 > .col-inner {\n    margin: 0px 0px -20px 0px;\n  }\n}\n<\/style>\n\t<\/div>\n\n\t\n\n\t<div id=\"col-1662410782\" class=\"col medium-6 small-12 large-6\"  >\n\t\t\t\t<div class=\"col-inner\"  >\n\t\t\t\n\t\t\t\n\n<p>At the southern tip of Lake V\u00e4ttern lie J\u00f6nk\u00f6ping and Huskvarna \u2013 two cities that have become one. The unique beach promenade V\u00e4tterstranden next to V\u00e4ttern&#8217;s clean and clear waters makes J\u00f6nk\u00f6ping a real pearl worth seeing. And there are plenty of lakes &#8211; together with Rocksj\u00f6n and Munksj\u00f6n, a proximity to water is created everywhere in J\u00f6nk\u00f6ping. Here you will also find a rich restaurant life with food inspired from all corners of the world.<\/p>\n\n\t\t<\/div>\n\t\t\t\t\n<style>\n#col-1662410782 > .col-inner {\n  margin: 0px 0px -20px 0px;\n}\n@media (min-width:550px) {\n  #col-1662410782 > .col-inner {\n    margin: 0px 0px 0px 0px;\n  }\n}\n@media (min-width:850px) {\n  #col-1662410782 > .col-inner {\n    margin: 0px 0px 0 0px;\n  }\n}\n<\/style>\n\t<\/div>\n\n\t\n\n\t<div id=\"col-828264243\" class=\"col medium-6 small-12 large-6\"  >\n\t\t\t\t<div class=\"col-inner\"  >\n\t\t\t\n\t\t\t\n\n<p>Gr\u00e4nna is an old idyll beautifully situated on the edge of Lake V\u00e4ttern. The picturesque community with cobbled streets and old wooden houses is world-renowned for its artisanal polka pigs and is for many a real treat in Sweden. Here you will find the polar explorer Andr\u00e9&#8217;s museum, cozy cafes, shops and lovely bathing spots. In Gr\u00e4nna you will also find the ferry to Visings\u00f6 &#8211; a historic place, also worth a visit.<\/p>\n\n\t\t<\/div>\n\t\t\t\t\t<\/div>\n\n\t\n\n<\/div>\n\t<div id=\"gap-81219540\" class=\"gap-element clearfix\" style=\"display:block; height:auto;\">\n\t\t\n<style>\n#gap-81219540 {\n  padding-top: 30px;\n}\n<\/style>\n\t<\/div>\n\t\n\n<div class=\"row\"  id=\"row-1722051026\">\n\n\n\t<div id=\"col-1083122347\" class=\"col medium-4 small-12 large-4\"  >\n\t\t\t\t<div class=\"col-inner\"  >\n\t\t\t\n\t\t\t\n\n\n  <div class=\"banner has-hover\" id=\"banner-1397188632\">\n          <div class=\"banner-inner fill\">\n        <div class=\"banner-bg fill\" >\n            <img loading=\"lazy\" decoding=\"async\" width=\"960\" height=\"639\" src=\"https:\/\/vatterleden.se\/wp-content\/uploads\/2022\/12\/Vatterleden-Jonkoping-960x639.jpeg\" class=\"bg attachment-medium size-medium\" alt=\"\" \/>                                    \n                    <\/div>\n\t\t\n        <div class=\"banner-layers container\">\n            <div class=\"fill banner-link\"><\/div>            \n\n\n        <\/div>\n      <\/div>\n\n            \n<style>\n#banner-1397188632 {\n  padding-top: 200px;\n}\n#banner-1397188632 .banner-bg img {\n  object-position: 47% 49%;\n}\n@media (min-width:550px) {\n  #banner-1397188632 {\n    padding-top: 300px;\n  }\n}\n@media (min-width:850px) {\n  #banner-1397188632 {\n    padding-top: 115%;\n  }\n}\n<\/style>\n  <\/div>\n\n\n\n\t\t<\/div>\n\t\t\t\t\t<\/div>\n\n\t\n\n\t<div id=\"col-1152606150\" class=\"col medium-4 small-12 large-4\"  >\n\t\t\t\t<div class=\"col-inner\"  >\n\t\t\t\n\t\t\t\n\n\n  <div class=\"banner has-hover\" id=\"banner-803606087\">\n          <div class=\"banner-inner fill\">\n        <div class=\"banner-bg fill\" >\n            <img loading=\"lazy\" decoding=\"async\" width=\"940\" height=\"460\" src=\"https:\/\/vatterleden.se\/wp-content\/uploads\/2022\/12\/Vatterleden-Polkagris.jpg\" class=\"bg attachment-medium size-medium\" alt=\"\" \/>                                    \n                    <\/div>\n\t\t\n        <div class=\"banner-layers container\">\n            <div class=\"fill banner-link\"><\/div>            \n\n\n        <\/div>\n      <\/div>\n\n            \n<style>\n#banner-803606087 {\n  padding-top: 200px;\n}\n#banner-803606087 .banner-bg img {\n  object-position: 57% 78%;\n}\n@media (min-width:550px) {\n  #banner-803606087 {\n    padding-top: 300px;\n  }\n}\n@media (min-width:850px) {\n  #banner-803606087 {\n    padding-top: 115%;\n  }\n}\n<\/style>\n  <\/div>\n\n\n\n\t\t<\/div>\n\t\t\t\t\t<\/div>\n\n\t\n\n\t<div id=\"col-83755965\" class=\"col medium-4 small-12 large-4\"  >\n\t\t\t\t<div class=\"col-inner\"  >\n\t\t\t\n\t\t\t\n\n\n  <div class=\"banner has-hover\" id=\"banner-1484293730\">\n          <div class=\"banner-inner fill\">\n        <div class=\"banner-bg fill\" >\n            <img loading=\"lazy\" decoding=\"async\" width=\"960\" height=\"480\" src=\"https:\/\/vatterleden.se\/wp-content\/uploads\/2022\/12\/Vatterleden-Granna-960x480.jpg\" class=\"bg attachment-medium size-medium\" alt=\"\" \/>                                    \n                    <\/div>\n\t\t\n        <div class=\"banner-layers container\">\n            <div class=\"fill banner-link\"><\/div>            \n\n\n        <\/div>\n      <\/div>\n\n            \n<style>\n#banner-1484293730 {\n  padding-top: 200px;\n}\n#banner-1484293730 .banner-bg img {\n  object-position: 54% 72%;\n}\n@media (min-width:550px) {\n  #banner-1484293730 {\n    padding-top: 300px;\n  }\n}\n@media (min-width:850px) {\n  #banner-1484293730 {\n    padding-top: 115%;\n  }\n}\n<\/style>\n  <\/div>\n\n\n\n\t\t<\/div>\n\t\t\t\t\t<\/div>\n\n\t\n\n<\/div>\n\t<div id=\"gap-996586353\" class=\"gap-element clearfix\" style=\"display:block; height:auto;\">\n\t\t\n<style>\n#gap-996586353 {\n  padding-top: 15px;\n}\n@media (min-width:550px) {\n  #gap-996586353 {\n    padding-top: 60px;\n  }\n}\n<\/style>\n\t<\/div>\n\t\n\n<div class=\"row iconboxrow\"  id=\"row-1702701681\">\n\n\n\t<div id=\"col-1332564804\" class=\"col medium-3 small-6 large-3\"  >\n\t\t\t\t<div class=\"col-inner\"  >\n\t\t\t\n\t\t\t\n\n\n\t\t<div class=\"icon-box featured-box icon-box-top text-left\"  >\n\t\t\t\t<div class=\"icon-box-text last-reset\">\n\t\t\t\t\t\t\t\t\t\n\n<h4>J\u00f6nk\u00f6ping<\/h4>\n<p>A pearl that, thanks to Lake V\u00e4ttern, has a unique location in Sweden. Don&#8217;t miss visiting both the Pier and V\u00e4tterstranden.<\/p>\n\n\t\t<\/div>\n\t<\/div>\n\t\n\t\n\n\t\t<\/div>\n\t\t\t\t\t<\/div>\n\n\t\n\n\t<div id=\"col-1957948302\" class=\"col medium-3 small-6 large-3\"  >\n\t\t\t\t<div class=\"col-inner\"  >\n\t\t\t\n\t\t\t\n\n\n\t\t<div class=\"icon-box featured-box icon-box-top text-left\"  >\n\t\t\t\t<div class=\"icon-box-text last-reset\">\n\t\t\t\t\t\t\t\t\t\n\n<h4>Huskvarna<\/h4>\n<p>Huskvarna was once its own town but today belongs to J\u00f6nk\u00f6ping. Here you will find the famous sculpture J\u00e4tten Vist.<\/p>\n\n\t\t<\/div>\n\t<\/div>\n\t\n\t\n\n\t\t<\/div>\n\t\t\t\t\t<\/div>\n\n\t\n\n\t<div id=\"col-1146738996\" class=\"col medium-3 small-6 large-3\"  >\n\t\t\t\t<div class=\"col-inner\"  >\n\t\t\t\n\t\t\t\n\n\n\t\t<div class=\"icon-box featured-box icon-box-top text-left\"  >\n\t\t\t\t<div class=\"icon-box-text last-reset\">\n\t\t\t\t\t\t\t\t\t\n\n<h4>Gr\u00e4nna<\/h4>\n<p>In the summer, Gr\u00e4nna&#8217;s cobbled streets are full of visitors. A real donut place according to many.<\/p>\n\n\t\t<\/div>\n\t<\/div>\n\t\n\t\n\n\t\t<\/div>\n\t\t\t\t\t<\/div>\n\n\t\n\n\t<div id=\"col-1056379462\" class=\"col medium-3 small-6 large-3\"  >\n\t\t\t\t<div class=\"col-inner\"  >\n\t\t\t\n\t\t\t\n\n\n\t\t<div class=\"icon-box featured-box icon-box-top text-left\"  >\n\t\t\t\t<div class=\"icon-box-text last-reset\">\n\t\t\t\t\t\t\t\t\t\n\n<h4>Visings\u00f6<\/h4>\n<p>Visings\u00f6 is a historic place where you can visit both the castle ruins and the church, go rope-sledding and visit alpacas.<\/p>\n\n\t\t<\/div>\n\t<\/div>\n\t\n\t\n\n\t\t<\/div>\n\t\t\t\t\t<\/div>\n\n\t\n\n<\/div>\n\t<div id=\"gap-929851514\" class=\"gap-element clearfix\" style=\"display:block; height:auto;\">\n\t\t\n<style>\n#gap-929851514 {\n  padding-top: 31px;\n}\n@media (min-width:550px) {\n  #gap-929851514 {\n    padding-top: 45px;\n  }\n}\n<\/style>\n\t<\/div>\n\t\n\n<div class=\"row align-center\"  id=\"row-1937423596\">\n\n\n\t<div id=\"col-2019359061\" class=\"col medium-6 small-12 large-5\"  >\n\t\t\t\t<div class=\"col-inner text-center\"  >\n\t\t\t\n\t\t\t\n\n\t<div id=\"text-1525469010\" class=\"text boldtext\">\n\t\t\n\n<p>Stay with us on the V\u00e4tterleden and you are close to all the places around J\u00f6nk\u00f6ping and Gr\u00e4nna that are worth a visit.<\/p>\n\t\t\t<\/div>\n\t\n\n\t\t<\/div>\n\t\t\t\t\t<\/div>\n\n\t\n\n<\/div>\n\t<div id=\"gap-2052849808\" class=\"gap-element clearfix\" style=\"display:block; height:auto;\">\n\t\t\n<style>\n#gap-2052849808 {\n  padding-top: 31px;\n}\n@media (min-width:550px) {\n  #gap-2052849808 {\n    padding-top: 31px;\n  }\n}\n@media (min-width:850px) {\n  #gap-2052849808 {\n    padding-top: 60px;\n  }\n}\n<\/style>\n\t<\/div>\n\t\n\n\n\t\t<\/div>\n\n\t\t\n<style>\n#section_1691398718 {\n  padding-top: 0px;\n  padding-bottom: 0px;\n  background-color: #9abad5;\n}\n<\/style>\n\t<\/section>\n\t\n\n\t<section class=\"section\" id=\"section_1270525374\">\n\t\t<div class=\"section-bg fill\" >\n\t\t\t\t\t\t\t\t\t\n\t\t\t\n\n\t\t<\/div>\n\n\t\t\n\n\t\t<div class=\"section-content relative\">\n\t\t\t\n\n\t<div id=\"gap-528348024\" class=\"gap-element clearfix\" style=\"display:block; height:auto;\">\n\t\t\n<style>\n#gap-528348024 {\n  padding-top: 70px;\n}\n@media (min-width:550px) {\n  #gap-528348024 {\n    padding-top: 70px;\n  }\n}\n@media (min-width:850px) {\n  #gap-528348024 {\n    padding-top: 110px;\n  }\n}\n<\/style>\n\t<\/div>\n\t\n\n<div class=\"row align-center\"  id=\"row-1430608299\">\n\n\n\t<div id=\"col-1308514577\" class=\"col medium-8 small-12 large-7\"  >\n\t\t\t\t<div class=\"col-inner\"  >\n\t\t\t\n\t\t\t\n\n\t<div id=\"text-1575840365\" class=\"text\">\n\t\t\n\n<h3>Find Us<\/h3>\n<p>It is easy to find Hotel V\u00e4tterleden.\u00a0We are located along the E4 between J\u00f6nk\u00f6ping and Gr\u00e4nna. You are welcome to book a room or come in to eat.<\/p>\n\n\t\t\n<style>\n#text-1575840365 {\n  text-align: center;\n}\n@media (min-width:550px) {\n  #text-1575840365 {\n    text-align: center;\n  }\n}\n<\/style>\n\t<\/div>\n\t\n\n\t\t<\/div>\n\t\t\t\t\t<\/div>\n\n\t\n\n<\/div>\n\t<div id=\"gap-1006344446\" class=\"gap-element clearfix\" style=\"display:block; height:auto;\">\n\t\t\n<style>\n#gap-1006344446 {\n  padding-top: 20px;\n}\n@media (min-width:850px) {\n  #gap-1006344446 {\n    padding-top: 60px;\n  }\n}\n<\/style>\n\t<\/div>\n\t\n\n\n\t\t<\/div>\n\n\t\t\n<style>\n#section_1270525374 {\n  padding-top: 0px;\n  padding-bottom: 0px;\n}\n<\/style>\n\t<\/section>\n\t\n","protected":false},"excerpt":{"rendered":"","protected":false},"author":1,"featured_media":5697,"parent":0,"menu_order":0,"comment_status":"closed","ping_status":"closed","template":"page-blank.php","meta":{"_acf_changed":false,"footnotes":""},"class_list":["post-6245","page","type-page","status-publish","has-post-thumbnail","hentry"],"acf":[],"yoast_head":"<!-- This site is optimized with the Yoast SEO plugin v27.5 - https:\/\/yoast.com\/product\/yoast-seo-wordpress\/ -->\n<title>Jonkoping &amp; Granna | V\u00e4tterleden<\/title>\n<meta name=\"description\" content=\"There are many attractions in J\u00f6nk\u00f6ping and Gr\u00e4nna. At V\u00e4tterleden, you live in the middle of these gems. Book affordable accommodation.\" \/>\n<meta name=\"robots\" content=\"index, follow, max-snippet:-1, max-image-preview:large, max-video-preview:-1\" \/>\n<link rel=\"canonical\" href=\"https:\/\/vatterleden.se\/jonkoping-granna\/\" \/>\n<meta property=\"og:locale\" content=\"en_US\" \/>\n<meta property=\"og:type\" content=\"article\" \/>\n<meta property=\"og:title\" content=\"Jonkoping &amp; Granna | V\u00e4tterleden\" \/>\n<meta property=\"og:description\" content=\"There are many attractions in J\u00f6nk\u00f6ping and Gr\u00e4nna. At V\u00e4tterleden, you live in the middle of these gems. Book affordable accommodation.\" \/>\n<meta property=\"og:url\" content=\"https:\/\/vatterleden.se\/jonkoping-granna\/\" \/>\n<meta property=\"og:site_name\" content=\"V\u00e4tterleden\" \/>\n<meta property=\"article:modified_time\" content=\"2023-04-13T14:14:01+00:00\" \/>\n<meta property=\"og:image\" content=\"https:\/\/vatterleden.se\/wp-content\/uploads\/2022\/12\/Vatterleden-Jonkoping.jpeg\" \/>\n\t<meta property=\"og:image:width\" content=\"1920\" \/>\n\t<meta property=\"og:image:height\" content=\"1278\" \/>\n\t<meta property=\"og:image:type\" content=\"image\/jpeg\" \/>\n<meta name=\"twitter:card\" content=\"summary_large_image\" \/>\n<meta name=\"twitter:label1\" content=\"Est. reading time\" \/>\n\t<meta name=\"twitter:data1\" content=\"3 minutes\" \/>\n<script type=\"application\/ld+json\" class=\"yoast-schema-graph\">{\"@context\":\"https:\\\/\\\/schema.org\",\"@graph\":[{\"@type\":\"WebPage\",\"@id\":\"https:\\\/\\\/vatterleden.se\\\/jonkoping-granna\\\/\",\"url\":\"https:\\\/\\\/vatterleden.se\\\/jonkoping-granna\\\/\",\"name\":\"Jonkoping & Granna | V\u00e4tterleden\",\"isPartOf\":{\"@id\":\"https:\\\/\\\/vatterleden.se\\\/#website\"},\"primaryImageOfPage\":{\"@id\":\"https:\\\/\\\/vatterleden.se\\\/jonkoping-granna\\\/#primaryimage\"},\"image\":{\"@id\":\"https:\\\/\\\/vatterleden.se\\\/jonkoping-granna\\\/#primaryimage\"},\"thumbnailUrl\":\"https:\\\/\\\/vatterleden.se\\\/wp-content\\\/uploads\\\/2022\\\/12\\\/Vatterleden-Jonkoping.jpeg\",\"datePublished\":\"2023-03-24T09:13:18+00:00\",\"dateModified\":\"2023-04-13T14:14:01+00:00\",\"description\":\"There are many attractions in J\u00f6nk\u00f6ping and Gr\u00e4nna. At V\u00e4tterleden, you live in the middle of these gems. Book affordable accommodation.\",\"breadcrumb\":{\"@id\":\"https:\\\/\\\/vatterleden.se\\\/jonkoping-granna\\\/#breadcrumb\"},\"inLanguage\":\"en-US\",\"potentialAction\":[{\"@type\":\"ReadAction\",\"target\":[\"https:\\\/\\\/vatterleden.se\\\/jonkoping-granna\\\/\"]}]},{\"@type\":\"ImageObject\",\"inLanguage\":\"en-US\",\"@id\":\"https:\\\/\\\/vatterleden.se\\\/jonkoping-granna\\\/#primaryimage\",\"url\":\"https:\\\/\\\/vatterleden.se\\\/wp-content\\\/uploads\\\/2022\\\/12\\\/Vatterleden-Jonkoping.jpeg\",\"contentUrl\":\"https:\\\/\\\/vatterleden.se\\\/wp-content\\\/uploads\\\/2022\\\/12\\\/Vatterleden-Jonkoping.jpeg\",\"width\":1920,\"height\":1278},{\"@type\":\"BreadcrumbList\",\"@id\":\"https:\\\/\\\/vatterleden.se\\\/jonkoping-granna\\\/#breadcrumb\",\"itemListElement\":[{\"@type\":\"ListItem\",\"position\":1,\"name\":\"Hem\",\"item\":\"https:\\\/\\\/vatterleden.se\\\/en\\\/\"},{\"@type\":\"ListItem\",\"position\":2,\"name\":\"Jonkoping &#038; Granna\"}]},{\"@type\":\"WebSite\",\"@id\":\"https:\\\/\\\/vatterleden.se\\\/#website\",\"url\":\"https:\\\/\\\/vatterleden.se\\\/\",\"name\":\"V\u00e4tterleden\",\"description\":\"\",\"potentialAction\":[{\"@type\":\"SearchAction\",\"target\":{\"@type\":\"EntryPoint\",\"urlTemplate\":\"https:\\\/\\\/vatterleden.se\\\/?s={search_term_string}\"},\"query-input\":{\"@type\":\"PropertyValueSpecification\",\"valueRequired\":true,\"valueName\":\"search_term_string\"}}],\"inLanguage\":\"en-US\"}]}<\/script>\n<!-- \/ Yoast SEO plugin. -->","yoast_head_json":{"title":"Jonkoping & Granna | V\u00e4tterleden","description":"There are many attractions in J\u00f6nk\u00f6ping and Gr\u00e4nna. At V\u00e4tterleden, you live in the middle of these gems. Book affordable accommodation.","robots":{"index":"index","follow":"follow","max-snippet":"max-snippet:-1","max-image-preview":"max-image-preview:large","max-video-preview":"max-video-preview:-1"},"canonical":"https:\/\/vatterleden.se\/jonkoping-granna\/","og_locale":"en_US","og_type":"article","og_title":"Jonkoping & Granna | V\u00e4tterleden","og_description":"There are many attractions in J\u00f6nk\u00f6ping and Gr\u00e4nna. At V\u00e4tterleden, you live in the middle of these gems. Book affordable accommodation.","og_url":"https:\/\/vatterleden.se\/jonkoping-granna\/","og_site_name":"V\u00e4tterleden","article_modified_time":"2023-04-13T14:14:01+00:00","og_image":[{"width":1920,"height":1278,"url":"https:\/\/vatterleden.se\/wp-content\/uploads\/2022\/12\/Vatterleden-Jonkoping.jpeg","type":"image\/jpeg"}],"twitter_card":"summary_large_image","twitter_misc":{"Est. reading time":"3 minutes"},"schema":{"@context":"https:\/\/schema.org","@graph":[{"@type":"WebPage","@id":"https:\/\/vatterleden.se\/jonkoping-granna\/","url":"https:\/\/vatterleden.se\/jonkoping-granna\/","name":"Jonkoping & Granna | V\u00e4tterleden","isPartOf":{"@id":"https:\/\/vatterleden.se\/#website"},"primaryImageOfPage":{"@id":"https:\/\/vatterleden.se\/jonkoping-granna\/#primaryimage"},"image":{"@id":"https:\/\/vatterleden.se\/jonkoping-granna\/#primaryimage"},"thumbnailUrl":"https:\/\/vatterleden.se\/wp-content\/uploads\/2022\/12\/Vatterleden-Jonkoping.jpeg","datePublished":"2023-03-24T09:13:18+00:00","dateModified":"2023-04-13T14:14:01+00:00","description":"There are many attractions in J\u00f6nk\u00f6ping and Gr\u00e4nna. At V\u00e4tterleden, you live in the middle of these gems. Book affordable accommodation.","breadcrumb":{"@id":"https:\/\/vatterleden.se\/jonkoping-granna\/#breadcrumb"},"inLanguage":"en-US","potentialAction":[{"@type":"ReadAction","target":["https:\/\/vatterleden.se\/jonkoping-granna\/"]}]},{"@type":"ImageObject","inLanguage":"en-US","@id":"https:\/\/vatterleden.se\/jonkoping-granna\/#primaryimage","url":"https:\/\/vatterleden.se\/wp-content\/uploads\/2022\/12\/Vatterleden-Jonkoping.jpeg","contentUrl":"https:\/\/vatterleden.se\/wp-content\/uploads\/2022\/12\/Vatterleden-Jonkoping.jpeg","width":1920,"height":1278},{"@type":"BreadcrumbList","@id":"https:\/\/vatterleden.se\/jonkoping-granna\/#breadcrumb","itemListElement":[{"@type":"ListItem","position":1,"name":"Hem","item":"https:\/\/vatterleden.se\/en\/"},{"@type":"ListItem","position":2,"name":"Jonkoping &#038; Granna"}]},{"@type":"WebSite","@id":"https:\/\/vatterleden.se\/#website","url":"https:\/\/vatterleden.se\/","name":"V\u00e4tterleden","description":"","potentialAction":[{"@type":"SearchAction","target":{"@type":"EntryPoint","urlTemplate":"https:\/\/vatterleden.se\/?s={search_term_string}"},"query-input":{"@type":"PropertyValueSpecification","valueRequired":true,"valueName":"search_term_string"}}],"inLanguage":"en-US"}]}},"_links":{"self":[{"href":"https:\/\/vatterleden.se\/en\/wp-json\/wp\/v2\/pages\/6245","targetHints":{"allow":["GET"]}}],"collection":[{"href":"https:\/\/vatterleden.se\/en\/wp-json\/wp\/v2\/pages"}],"about":[{"href":"https:\/\/vatterleden.se\/en\/wp-json\/wp\/v2\/types\/page"}],"author":[{"embeddable":true,"href":"https:\/\/vatterleden.se\/en\/wp-json\/wp\/v2\/users\/1"}],"replies":[{"embeddable":true,"href":"https:\/\/vatterleden.se\/en\/wp-json\/wp\/v2\/comments?post=6245"}],"version-history":[{"count":8,"href":"https:\/\/vatterleden.se\/en\/wp-json\/wp\/v2\/pages\/6245\/revisions"}],"predecessor-version":[{"id":6439,"href":"https:\/\/vatterleden.se\/en\/wp-json\/wp\/v2\/pages\/6245\/revisions\/6439"}],"wp:featuredmedia":[{"embeddable":true,"href":"https:\/\/vatterleden.se\/en\/wp-json\/wp\/v2\/media\/5697"}],"wp:attachment":[{"href":"https:\/\/vatterleden.se\/en\/wp-json\/wp\/v2\/media?parent=6245"}],"curies":[{"name":"wp","href":"https:\/\/api.w.org\/{rel}","templated":true}]}}