{"id":6263,"date":"2023-03-24T10:24:23","date_gmt":"2023-03-24T09:24:23","guid":{"rendered":"http:\/\/test.vatterleden.se\/?page_id=6263"},"modified":"2023-04-26T10:32:39","modified_gmt":"2023-04-26T09:32:39","slug":"contact","status":"publish","type":"page","link":"https:\/\/vatterleden.se\/en\/contact\/","title":{"rendered":"Contact"},"content":{"rendered":"\n\n\t<section class=\"section sectioncolored dark\" id=\"section_110148010\">\n\t\t<div class=\"section-bg fill\" >\n\t\t\t\t\t\t\t\t\t\n\t\t\t\n\n\t\t<\/div>\n\n\t\t\n\n\t\t<div class=\"section-content relative\">\n\t\t\t\n\n\t<div id=\"gap-2101342494\" class=\"gap-element clearfix\" style=\"display:block; height:auto;\">\n\t\t\n<style>\n#gap-2101342494 {\n  padding-top: 110px;\n}\n@media (min-width:550px) {\n  #gap-2101342494 {\n    padding-top: 150px;\n  }\n}\n<\/style>\n\t<\/div>\n\t\n\n<div class=\"row\"  id=\"row-563730740\">\n\n\n\t<div id=\"col-1762776599\" class=\"col small-12 large-12\"  >\n\t\t\t\t<div class=\"col-inner\"  >\n\t\t\t\n\t\t\t\n\n<h1>Contact<\/h1>\n\n\t\t<\/div>\n\t\t\t\t\n<style>\n#col-1762776599 > .col-inner {\n  margin: 0px 0px -20px 0px;\n}\n@media (min-width:550px) {\n  #col-1762776599 > .col-inner {\n    margin: 0px 0px -20px 0px;\n  }\n}\n@media (min-width:850px) {\n  #col-1762776599 > .col-inner {\n    margin: 0px 0px -20px 0px;\n  }\n}\n<\/style>\n\t<\/div>\n\n\t\n\n\t<div id=\"col-1979663414\" class=\"col medium-6 small-12 large-6\"  >\n\t\t\t\t<div class=\"col-inner\"  >\n\t\t\t\n\t\t\t\n\n<p>Many consider the E4 between J\u00f6nk\u00f6ping and Gr\u00e4nna to be Sweden&#8217;s most beautiful stretch of road with its dramatic nature and fantastic view of Lake V\u00e4ttern. And it is precisely here that you will find the V\u00e4tterleden. With us you will find affordable hotel rooms, culinary home cooking and today&#8217;s lunch every day of the week. We also receive conference guests and larger groups.<\/p>\n<p>Many who come to us have been to the fair at Elmia in J\u00f6nk\u00f6ping, and from there it takes no more than 10 minutes. From Elmia drive the E4 north towards Stockholm, passing Huskvarna and the J\u00e4tten Vis sculpture. Three large signs from the Swedish Transport Administration show \u00d6lmstad and V\u00e4tterleden, shortly after you will find V\u00e4tterleden on the right side of the motorway. Exit no. 102.<\/p>\n\n\t\t<\/div>\n\t\t\t\t\n<style>\n#col-1979663414 > .col-inner {\n  margin: 0px 0px -20px 0px;\n}\n@media (min-width:550px) {\n  #col-1979663414 > .col-inner {\n    margin: 0px 0px 0px 0px;\n  }\n}\n@media (min-width:850px) {\n  #col-1979663414 > .col-inner {\n    margin: 0px 0px 0 0px;\n  }\n}\n<\/style>\n\t<\/div>\n\n\t\n\n\t<div id=\"col-2052509147\" class=\"col medium-6 small-12 large-6\"  >\n\t\t\t\t<div class=\"col-inner\"  >\n\t\t\t\n\t\t\t\n\n\t<div id=\"text-255385452\" class=\"text kontaktbox\">\n\t\t\n\n<h5 style=\"color: #376083;\">Contact Details<\/h5>\n<p><span class=\"spanitem\">Address:<\/span> V\u00e4ttersm\u00e5len 1, 563 93 Gr\u00e4nna<br \/><span class=\"spanitem\">Telephone:<\/span> +46(0)36\u2013522 30<br \/><span class=\"spanitem\">Mail:<\/span> info@vatterleden.se<br \/><span class=\"spanitem\">Opening hours:<\/span> 07.00 \u2013 22.00<\/p>\n\n\t\t\t<\/div>\n\t\n\t<div id=\"gap-945609986\" class=\"gap-element clearfix\" style=\"display:block; height:auto;\">\n\t\t\n<style>\n#gap-945609986 {\n  padding-top: 0px;\n}\n<\/style>\n\t<\/div>\n\t\n\n\t<div id=\"text-3672677549\" class=\"text disclaimer\">\n\t\t\n\n<p>When checking in outside regular opening hours, contact the hotel.<\/p>\n\t\t\t<\/div>\n\t\n\n\t\t<\/div>\n\t\t\t\t\t<\/div>\n\n\t\n\n<\/div>\n<div class=\"row\"  id=\"row-378773274\">\n\n\n\t<div id=\"col-683269299\" class=\"col small-12 large-12\"  >\n\t\t\t\t<div class=\"col-inner\"  >\n\t\t\t\n\t\t\t\n\n\n<div class=\"wpcf7 no-js\" id=\"wpcf7-f6447-o1\" lang=\"sv-SE\" dir=\"ltr\" data-wpcf7-id=\"6447\">\n<div class=\"screen-reader-response\"><p role=\"status\" aria-live=\"polite\" aria-atomic=\"true\"><\/p> <ul><\/ul><\/div>\n<form action=\"\/en\/wp-json\/wp\/v2\/pages\/6263#wpcf7-f6447-o1\" method=\"post\" class=\"wpcf7-form init\" aria-label=\"Kontaktformul\u00e4r\" novalidate=\"novalidate\" data-status=\"init\">\n<fieldset class=\"hidden-fields-container\"><input type=\"hidden\" name=\"_wpcf7\" value=\"6447\" \/><input type=\"hidden\" name=\"_wpcf7_version\" value=\"6.1.5\" \/><input type=\"hidden\" name=\"_wpcf7_locale\" value=\"sv_SE\" \/><input type=\"hidden\" name=\"_wpcf7_unit_tag\" value=\"wpcf7-f6447-o1\" \/><input type=\"hidden\" name=\"_wpcf7_container_post\" value=\"0\" \/><input type=\"hidden\" name=\"_wpcf7_posted_data_hash\" value=\"\" \/>\n<\/fieldset>\n<p><div class=\"row\"  id=\"row-57167964\">\n<\/p>\n<p>\n\t<div id=\"col-796897665\" class=\"col medium-6 small-12 large-6\"  >\n\t\t\t\t<div class=\"col-inner\"  >\n\t\t\t\n\t\t\t\n<\/p>\n<p><div class=\"row\"  id=\"row-386265830\">\n<\/p>\n<p>\n\t<div id=\"col-407214163\" class=\"col small-12 large-12\"  >\n\t\t\t\t<div class=\"col-inner\"  >\n\t\t\t\n\t\t\t\n<\/p>\n<p><span class=\"wpcf7-form-control-wrap\" data-name=\"namn\"><input size=\"40\" maxlength=\"400\" class=\"wpcf7-form-control wpcf7-text wpcf7-validates-as-required\" aria-required=\"true\" aria-invalid=\"false\" placeholder=\"Name\" value=\"\" type=\"text\" name=\"namn\" \/><\/span>\n<\/p>\n<p>\t\t<\/div>\n\t\t\t\t\t<\/div>\n\n\t\n<\/p>\n<p>\n\t<div id=\"col-1224359217\" class=\"col small-12 large-12\"  >\n\t\t\t\t<div class=\"col-inner\"  >\n\t\t\t\n\t\t\t\n<\/p>\n<p><span class=\"wpcf7-form-control-wrap\" data-name=\"epost\"><input size=\"40\" maxlength=\"400\" class=\"wpcf7-form-control wpcf7-email wpcf7-validates-as-required wpcf7-text wpcf7-validates-as-email\" aria-required=\"true\" aria-invalid=\"false\" placeholder=\"E-Mail\" value=\"\" type=\"email\" name=\"epost\" \/><\/span>\n<\/p>\n<p>\t\t<\/div>\n\t\t\t\t\t<\/div>\n\n\t\n<\/p>\n<p>\n\t<div id=\"col-226843886\" class=\"col small-12 large-12\"  >\n\t\t\t\t<div class=\"col-inner\"  >\n\t\t\t\n\t\t\t\n<\/p>\n<p><span class=\"wpcf7-form-control-wrap\" data-name=\"telefon\"><input size=\"40\" maxlength=\"400\" class=\"wpcf7-form-control wpcf7-tel wpcf7-text wpcf7-validates-as-tel\" aria-invalid=\"false\" placeholder=\"Phone number\" value=\"\" type=\"tel\" name=\"telefon\" \/><\/span>\n<\/p>\n<p>\t\t<\/div>\n\t\t\t\t\t<\/div>\n\n\t\n<\/p>\n<p><\/div>\n<\/p>\n<p>\t\t<\/div>\n\t\t\t\t\t<\/div>\n\n\t<br \/>\n\n\t<div id=\"col-1892548013\" class=\"col medium-6 small-12 large-6\"  >\n\t\t\t\t<div class=\"col-inner\"  >\n\t\t\t\n\t\t\t\n<\/p>\n<p><div class=\"row\"  id=\"row-908307075\">\n<\/p>\n<p>\n\t<div id=\"col-2053898366\" class=\"col small-12 large-12\"  >\n\t\t\t\t<div class=\"col-inner\"  >\n\t\t\t\n\t\t\t\n<\/p>\n<p><span class=\"wpcf7-form-control-wrap\" data-name=\"meddelande\"><textarea cols=\"40\" rows=\"10\" maxlength=\"2000\" class=\"wpcf7-form-control wpcf7-textarea\" aria-invalid=\"false\" placeholder=\"Message...\" name=\"meddelande\"><\/textarea><\/span>\n<\/p>\n<p>\t\t<\/div>\n\t\t\t\t\t<\/div>\n\n\t\n<\/p>\n<p>\n\t<div id=\"col-1438357115\" class=\"col small-12 large-12\"  >\n\t\t\t\t<div class=\"col-inner\"  >\n\t\t\t\n\t\t\t\n<\/p>\n<p><input class=\"wpcf7-form-control wpcf7-submit has-spinner\" type=\"submit\" value=\"Send message\" \/>\n<\/p>\n<p>\t\t<\/div>\n\t\t\t\t\t<\/div>\n\n\t\n<\/p>\n<p><\/div>\n<\/p>\n<p>\t\t<\/div>\n\t\t\t\t\t<\/div>\n\n\t\n<\/p>\n<p><\/div>\n<\/p><p style=\"display: none !important;\" class=\"akismet-fields-container\" data-prefix=\"_wpcf7_ak_\"><label>&#916;<textarea name=\"_wpcf7_ak_hp_textarea\" cols=\"45\" rows=\"8\" maxlength=\"100\"><\/textarea><\/label><input type=\"hidden\" id=\"ak_js_1\" name=\"_wpcf7_ak_js\" value=\"91\"\/><script type=\"text\/javascript\">\n\/* <![CDATA[ *\/\ndocument.getElementById( \"ak_js_1\" ).setAttribute( \"value\", ( new Date() ).getTime() );\n\/* ]]> *\/\n<\/script>\n<\/p><div class=\"wpcf7-response-output\" aria-hidden=\"true\"><\/div>\n<\/form>\n<\/div>\n\n\n\n\t\t<\/div>\n\t\t\t\t\t<\/div>\n\n\t\n\n<\/div>\n\t<div id=\"gap-2055180348\" class=\"gap-element clearfix\" style=\"display:block; height:auto;\">\n\t\t\n<style>\n#gap-2055180348 {\n  padding-top: 45px;\n}\n@media (min-width:550px) {\n  #gap-2055180348 {\n    padding-top: 60px;\n  }\n}\n<\/style>\n\t<\/div>\n\t\n\n\n\t\t<\/div>\n\n\t\t\n<style>\n#section_110148010 {\n  padding-top: 0px;\n  padding-bottom: 0px;\n  background-color: #9abad5;\n}\n<\/style>\n\t<\/section>\n\t\n\n\t<section class=\"section\" id=\"section_564914142\">\n\t\t<div class=\"section-bg fill\" >\n\t\t\t\t\t\t\t\t\t\n\t\t\t\n\n\t\t<\/div>\n\n\t\t\n\n\t\t<div class=\"section-content relative\">\n\t\t\t\n\n\t<div id=\"gap-225013052\" class=\"gap-element clearfix\" style=\"display:block; height:auto;\">\n\t\t\n<style>\n#gap-225013052 {\n  padding-top: 70px;\n}\n@media (min-width:550px) {\n  #gap-225013052 {\n    padding-top: 70px;\n  }\n}\n@media (min-width:850px) {\n  #gap-225013052 {\n    padding-top: 110px;\n  }\n}\n<\/style>\n\t<\/div>\n\t\n\n<div class=\"row align-center\"  id=\"row-671076544\">\n\n\n\t<div id=\"col-388671897\" class=\"col medium-8 small-12 large-7\"  >\n\t\t\t\t<div class=\"col-inner\"  >\n\t\t\t\n\t\t\t\n\n\t<div id=\"text-2867684289\" class=\"text\">\n\t\t\n\n<h3>Find Us<\/h3>\n<p>It is easy to find Hotel V\u00e4tterleden.\u00a0We are located along the E4 between J\u00f6nk\u00f6ping and Gr\u00e4nna. You are welcome to book a room or come in to eat.<\/p>\n\n\t\t\n<style>\n#text-2867684289 {\n  text-align: center;\n}\n@media (min-width:550px) {\n  #text-2867684289 {\n    text-align: center;\n  }\n}\n<\/style>\n\t<\/div>\n\t\n\n\t\t<\/div>\n\t\t\t\t\t<\/div>\n\n\t\n\n<\/div>\n\t<div id=\"gap-1555148198\" class=\"gap-element clearfix\" style=\"display:block; height:auto;\">\n\t\t\n<style>\n#gap-1555148198 {\n  padding-top: 20px;\n}\n@media (min-width:850px) {\n  #gap-1555148198 {\n    padding-top: 60px;\n  }\n}\n<\/style>\n\t<\/div>\n\t\n\n\n\t\t<\/div>\n\n\t\t\n<style>\n#section_564914142 {\n  padding-top: 0px;\n  padding-bottom: 0px;\n}\n<\/style>\n\t<\/section>\n\t\n\n<\/h5>\n\n","protected":false},"excerpt":{"rendered":"","protected":false},"author":1,"featured_media":5969,"parent":0,"menu_order":0,"comment_status":"closed","ping_status":"closed","template":"page-blank.php","meta":{"_acf_changed":false,"footnotes":""},"class_list":["post-6263","page","type-page","status-publish","has-post-thumbnail","hentry"],"acf":[],"yoast_head":"<!-- This site is optimized with the Yoast SEO plugin v27.5 - https:\/\/yoast.com\/product\/yoast-seo-wordpress\/ -->\n<title>Contact | V\u00e4tterleden<\/title>\n<meta name=\"description\" content=\"We are the obvious choice when you visit J\u00f6nk\u00f6ping and Gr\u00e4nna. Or if you&#039;re just passing through. Contact us if you have any questions.\" \/>\n<meta name=\"robots\" content=\"index, follow, max-snippet:-1, max-image-preview:large, max-video-preview:-1\" \/>\n<link rel=\"canonical\" href=\"https:\/\/vatterleden.se\/en\/contact\/\" \/>\n<meta property=\"og:locale\" content=\"en_US\" \/>\n<meta property=\"og:type\" content=\"article\" \/>\n<meta property=\"og:title\" content=\"Contact | V\u00e4tterleden\" \/>\n<meta property=\"og:description\" content=\"We are the obvious choice when you visit J\u00f6nk\u00f6ping and Gr\u00e4nna. Or if you&#039;re just passing through. Contact us if you have any questions.\" \/>\n<meta property=\"og:url\" content=\"https:\/\/vatterleden.se\/en\/contact\/\" \/>\n<meta property=\"og:site_name\" content=\"V\u00e4tterleden\" \/>\n<meta property=\"article:modified_time\" content=\"2023-04-26T09:32:39+00:00\" \/>\n<meta property=\"og:image\" content=\"https:\/\/vatterleden.se\/wp-content\/uploads\/2023\/03\/DSC01846.jpg\" \/>\n\t<meta property=\"og:image:width\" content=\"1920\" \/>\n\t<meta property=\"og:image:height\" content=\"1276\" \/>\n\t<meta property=\"og:image:type\" content=\"image\/jpeg\" \/>\n<meta name=\"twitter:card\" content=\"summary_large_image\" \/>\n<meta name=\"twitter:label1\" content=\"Est. reading time\" \/>\n\t<meta name=\"twitter:data1\" content=\"1 minute\" \/>\n<script type=\"application\/ld+json\" class=\"yoast-schema-graph\">{\"@context\":\"https:\\\/\\\/schema.org\",\"@graph\":[{\"@type\":\"WebPage\",\"@id\":\"https:\\\/\\\/vatterleden.se\\\/en\\\/contact\\\/\",\"url\":\"https:\\\/\\\/vatterleden.se\\\/en\\\/contact\\\/\",\"name\":\"Contact | V\u00e4tterleden\",\"isPartOf\":{\"@id\":\"https:\\\/\\\/vatterleden.se\\\/#website\"},\"primaryImageOfPage\":{\"@id\":\"https:\\\/\\\/vatterleden.se\\\/en\\\/contact\\\/#primaryimage\"},\"image\":{\"@id\":\"https:\\\/\\\/vatterleden.se\\\/en\\\/contact\\\/#primaryimage\"},\"thumbnailUrl\":\"https:\\\/\\\/vatterleden.se\\\/wp-content\\\/uploads\\\/2023\\\/03\\\/DSC01846.jpg\",\"datePublished\":\"2023-03-24T09:24:23+00:00\",\"dateModified\":\"2023-04-26T09:32:39+00:00\",\"description\":\"We are the obvious choice when you visit J\u00f6nk\u00f6ping and Gr\u00e4nna. Or if you're just passing through. Contact us if you have any questions.\",\"breadcrumb\":{\"@id\":\"https:\\\/\\\/vatterleden.se\\\/en\\\/contact\\\/#breadcrumb\"},\"inLanguage\":\"en-US\",\"potentialAction\":[{\"@type\":\"ReadAction\",\"target\":[\"https:\\\/\\\/vatterleden.se\\\/en\\\/contact\\\/\"]}]},{\"@type\":\"ImageObject\",\"inLanguage\":\"en-US\",\"@id\":\"https:\\\/\\\/vatterleden.se\\\/en\\\/contact\\\/#primaryimage\",\"url\":\"https:\\\/\\\/vatterleden.se\\\/wp-content\\\/uploads\\\/2023\\\/03\\\/DSC01846.jpg\",\"contentUrl\":\"https:\\\/\\\/vatterleden.se\\\/wp-content\\\/uploads\\\/2023\\\/03\\\/DSC01846.jpg\",\"width\":1920,\"height\":1276},{\"@type\":\"BreadcrumbList\",\"@id\":\"https:\\\/\\\/vatterleden.se\\\/en\\\/contact\\\/#breadcrumb\",\"itemListElement\":[{\"@type\":\"ListItem\",\"position\":1,\"name\":\"Hem\",\"item\":\"https:\\\/\\\/vatterleden.se\\\/en\\\/\"},{\"@type\":\"ListItem\",\"position\":2,\"name\":\"Contact\"}]},{\"@type\":\"WebSite\",\"@id\":\"https:\\\/\\\/vatterleden.se\\\/#website\",\"url\":\"https:\\\/\\\/vatterleden.se\\\/\",\"name\":\"V\u00e4tterleden\",\"description\":\"\",\"potentialAction\":[{\"@type\":\"SearchAction\",\"target\":{\"@type\":\"EntryPoint\",\"urlTemplate\":\"https:\\\/\\\/vatterleden.se\\\/?s={search_term_string}\"},\"query-input\":{\"@type\":\"PropertyValueSpecification\",\"valueRequired\":true,\"valueName\":\"search_term_string\"}}],\"inLanguage\":\"en-US\"}]}<\/script>\n<!-- \/ Yoast SEO plugin. -->","yoast_head_json":{"title":"Contact | V\u00e4tterleden","description":"We are the obvious choice when you visit J\u00f6nk\u00f6ping and Gr\u00e4nna. Or if you're just passing through. Contact us if you have any questions.","robots":{"index":"index","follow":"follow","max-snippet":"max-snippet:-1","max-image-preview":"max-image-preview:large","max-video-preview":"max-video-preview:-1"},"canonical":"https:\/\/vatterleden.se\/en\/contact\/","og_locale":"en_US","og_type":"article","og_title":"Contact | V\u00e4tterleden","og_description":"We are the obvious choice when you visit J\u00f6nk\u00f6ping and Gr\u00e4nna. Or if you're just passing through. Contact us if you have any questions.","og_url":"https:\/\/vatterleden.se\/en\/contact\/","og_site_name":"V\u00e4tterleden","article_modified_time":"2023-04-26T09:32:39+00:00","og_image":[{"width":1920,"height":1276,"url":"https:\/\/vatterleden.se\/wp-content\/uploads\/2023\/03\/DSC01846.jpg","type":"image\/jpeg"}],"twitter_card":"summary_large_image","twitter_misc":{"Est. reading time":"1 minute"},"schema":{"@context":"https:\/\/schema.org","@graph":[{"@type":"WebPage","@id":"https:\/\/vatterleden.se\/en\/contact\/","url":"https:\/\/vatterleden.se\/en\/contact\/","name":"Contact | V\u00e4tterleden","isPartOf":{"@id":"https:\/\/vatterleden.se\/#website"},"primaryImageOfPage":{"@id":"https:\/\/vatterleden.se\/en\/contact\/#primaryimage"},"image":{"@id":"https:\/\/vatterleden.se\/en\/contact\/#primaryimage"},"thumbnailUrl":"https:\/\/vatterleden.se\/wp-content\/uploads\/2023\/03\/DSC01846.jpg","datePublished":"2023-03-24T09:24:23+00:00","dateModified":"2023-04-26T09:32:39+00:00","description":"We are the obvious choice when you visit J\u00f6nk\u00f6ping and Gr\u00e4nna. Or if you're just passing through. Contact us if you have any questions.","breadcrumb":{"@id":"https:\/\/vatterleden.se\/en\/contact\/#breadcrumb"},"inLanguage":"en-US","potentialAction":[{"@type":"ReadAction","target":["https:\/\/vatterleden.se\/en\/contact\/"]}]},{"@type":"ImageObject","inLanguage":"en-US","@id":"https:\/\/vatterleden.se\/en\/contact\/#primaryimage","url":"https:\/\/vatterleden.se\/wp-content\/uploads\/2023\/03\/DSC01846.jpg","contentUrl":"https:\/\/vatterleden.se\/wp-content\/uploads\/2023\/03\/DSC01846.jpg","width":1920,"height":1276},{"@type":"BreadcrumbList","@id":"https:\/\/vatterleden.se\/en\/contact\/#breadcrumb","itemListElement":[{"@type":"ListItem","position":1,"name":"Hem","item":"https:\/\/vatterleden.se\/en\/"},{"@type":"ListItem","position":2,"name":"Contact"}]},{"@type":"WebSite","@id":"https:\/\/vatterleden.se\/#website","url":"https:\/\/vatterleden.se\/","name":"V\u00e4tterleden","description":"","potentialAction":[{"@type":"SearchAction","target":{"@type":"EntryPoint","urlTemplate":"https:\/\/vatterleden.se\/?s={search_term_string}"},"query-input":{"@type":"PropertyValueSpecification","valueRequired":true,"valueName":"search_term_string"}}],"inLanguage":"en-US"}]}},"_links":{"self":[{"href":"https:\/\/vatterleden.se\/en\/wp-json\/wp\/v2\/pages\/6263","targetHints":{"allow":["GET"]}}],"collection":[{"href":"https:\/\/vatterleden.se\/en\/wp-json\/wp\/v2\/pages"}],"about":[{"href":"https:\/\/vatterleden.se\/en\/wp-json\/wp\/v2\/types\/page"}],"author":[{"embeddable":true,"href":"https:\/\/vatterleden.se\/en\/wp-json\/wp\/v2\/users\/1"}],"replies":[{"embeddable":true,"href":"https:\/\/vatterleden.se\/en\/wp-json\/wp\/v2\/comments?post=6263"}],"version-history":[{"count":10,"href":"https:\/\/vatterleden.se\/en\/wp-json\/wp\/v2\/pages\/6263\/revisions"}],"predecessor-version":[{"id":6683,"href":"https:\/\/vatterleden.se\/en\/wp-json\/wp\/v2\/pages\/6263\/revisions\/6683"}],"wp:featuredmedia":[{"embeddable":true,"href":"https:\/\/vatterleden.se\/en\/wp-json\/wp\/v2\/media\/5969"}],"wp:attachment":[{"href":"https:\/\/vatterleden.se\/en\/wp-json\/wp\/v2\/media?parent=6263"}],"curies":[{"name":"wp","href":"https:\/\/api.w.org\/{rel}","templated":true}]}}